{"id":21110,"date":"2022-05-18T09:46:19","date_gmt":"2022-05-18T07:46:19","guid":{"rendered":"https:\/\/pgwear.net\/p\/t-shirt-receipt\/"},"modified":"2026-03-31T12:57:04","modified_gmt":"2026-03-31T10:57:04","slug":"vac22-t-shirt-receipt","status":"publish","type":"product","link":"https:\/\/pgwear.net\/de\/p\/vac22-t-shirt-receipt\/","title":{"rendered":"T-shirt &#8220;Receipt&#8221;"},"content":{"rendered":"<p>Erinnerst du dich noch an diese hei\u00dfen Tage, als du an einem goldenen Sandstrand lagst und mit ein paar hei\u00dfen Frauen vor dem Hintergrund des blauen Ozeans flirtest? Und all diese hei\u00dfen N\u00e4chte voller verr\u00fcckter, endloser Partys und Abenteuer mit deinen besten Freunden? Wie viel konntest du dann trinken? Mindestens <a href=\"https:\/\/pgwear.net\/de\/feature\/1312-de\/\">1312<\/a> pro Nacht aus \ud83d\ude42 Aaaa, wer w\u00fcrde sich dar\u00fcber Sorgen machen- Spa\u00df kennt keine Grenzen!<br \/>\n<br \/>Wir haben beschlossen, diese Nostalgie zu beenden und Tr\u00e4ume wieder wahr zu machen! Wir haben beschlossen, diese Nostalgie zu beenden und Tr\u00e4ume wieder wahr zu machen!<br \/>\nWir freuen uns sehr, die Er\u00f6ffnung unserer neuen Bar &#8220;costACABana&#8221; bekannt zu geben! Hehehe &#8230; das w\u00e4re cool, oder? Niestety, na spe\u0142nienie tego marzenia musimy jeszcze troch\u0119 poczeka\u0107, ale mamy dla Was co\u015b specjalnego!!<\/p>\n","protected":false},"excerpt":{"rendered":"<p>T-Shirt Receipt \u2013 mit einem Aufdruck, der eine Quittung von der Bar darstellt, mit der Anzahl der Getr\u00e4nke, die wir alle in kommenden hei\u00dfen Sommern\u00e4chten trinken m\u00f6chten!<\/p>\n","protected":false},"featured_media":20345,"template":"","meta":{"_acf_changed":false},"product_brand":[],"product_cat":[658,660],"product_tag":[3616],"class_list":{"0":"post-21110","1":"product","2":"type-product","3":"status-publish","4":"has-post-thumbnail","6":"product_cat-neuheiten","7":"product_cat-t-shirts-de","8":"product_tag-summer-capsule-de","9":"pa_gramatura-180-gr-m2-de","10":"pa_kolekcja-sommerurlaub-22","11":"pa_kolor-weiss","12":"pa_material-100-baumwolle-de-2","13":"pa_nadruk-grosser-brustaufdruck","14":"pa_rozmiar-l-de","15":"pa_rozmiar-m-de-2","16":"pa_rozmiar-s-de","17":"pa_rozmiar-xl-de","18":"pa_rozmiar-xxl-de","19":"pa_rozmiar-xxxl-de","20":"feature-1312-de","21":"feature-acab-de","23":"first","24":"instock","25":"taxable","26":"shipping-taxable","27":"purchasable","28":"product-type-variable"},"acf":[],"_links":{"self":[{"href":"https:\/\/pgwear.net\/de\/wp-json\/wp\/v2\/product\/21110","targetHints":{"allow":["GET"]}}],"collection":[{"href":"https:\/\/pgwear.net\/de\/wp-json\/wp\/v2\/product"}],"about":[{"href":"https:\/\/pgwear.net\/de\/wp-json\/wp\/v2\/types\/product"}],"wp:featuredmedia":[{"embeddable":true,"href":"https:\/\/pgwear.net\/de\/wp-json\/wp\/v2\/media\/20345"}],"wp:attachment":[{"href":"https:\/\/pgwear.net\/de\/wp-json\/wp\/v2\/media?parent=21110"}],"wp:term":[{"taxonomy":"product_brand","embeddable":true,"href":"https:\/\/pgwear.net\/de\/wp-json\/wp\/v2\/product_brand?post=21110"},{"taxonomy":"product_cat","embeddable":true,"href":"https:\/\/pgwear.net\/de\/wp-json\/wp\/v2\/product_cat?post=21110"},{"taxonomy":"product_tag","embeddable":true,"href":"https:\/\/pgwear.net\/de\/wp-json\/wp\/v2\/product_tag?post=21110"}],"curies":[{"name":"wp","href":"https:\/\/api.w.org\/{rel}","templated":true}]}}