{"id":21862,"date":"2022-05-27T10:37:26","date_gmt":"2022-05-27T08:37:26","guid":{"rendered":"https:\/\/pgwear.net\/p\/guerteltasche-wayfarer\/"},"modified":"2026-02-05T12:47:38","modified_gmt":"2026-02-05T11:47:38","slug":"aw22-gurteltasche-wayfarer","status":"publish","type":"product","link":"https:\/\/pgwear.net\/de\/p\/aw22-gurteltasche-wayfarer\/","title":{"rendered":"G\u00fcrteltasche &#8220;Wayfarer&#8221;"},"content":{"rendered":"<p>In der G\u00fcrteltasche \u201eWayfarer\u201c von PGWEAR ULTRAS SHOP versteckst du alle pers\u00f6nlichen Gegenst\u00e4nde, die du bei Ausw\u00e4rtsspielen, aber auch im Alltag immer dabei haben willst. Wenn du nicht genug Platz f\u00fcr alle deinen Ultras-Accessoires hast\u2026Telefon, Schl\u00fcssel, Eintrittskarte f\u00fcr das Spiel und auch &#8230; Pyro, ist das die h\u00f6chste Zeit, sich diese Ultras-Tasche zu besorgen!! PGWEAR Customs hat diesen Artikel aus wasserdichten Materialien mit Liebe zum Detail hergestellt.<\/p>\n","protected":false},"excerpt":{"rendered":"<p>In der G\u00fcrteltasche \u201eWayfarer\u201c von PGWEAR ULTRAS SHOP versteckst du alle pers\u00f6nlichen Gegenst\u00e4nde, die du bei Ausw\u00e4rtsspielen, aber auch im Alltag immer dabei haben willst.<\/p>\n","protected":false},"featured_media":27931,"template":"","meta":{"_acf_changed":false},"product_brand":[],"product_cat":[502,3549,658],"product_tag":[1706,1712],"class_list":{"0":"post-21862","1":"product","2":"type-product","3":"status-publish","4":"has-post-thumbnail","6":"product_cat-accessories-de","7":"product_cat-guerteltaschen","8":"product_cat-neuheiten","9":"product_tag-herbst-winter-2022","10":"product_tag-stadium-line-de","11":"pa_gramatura-280-gr-m2-de","12":"pa_kolekcja-herbst-winter-2022","13":"pa_kolor-schwarz","14":"pa_material-100-polyester-de-3","16":"first","17":"instock","18":"taxable","19":"shipping-taxable","20":"purchasable","21":"product-type-simple"},"acf":[],"_links":{"self":[{"href":"https:\/\/pgwear.net\/de\/wp-json\/wp\/v2\/product\/21862","targetHints":{"allow":["GET"]}}],"collection":[{"href":"https:\/\/pgwear.net\/de\/wp-json\/wp\/v2\/product"}],"about":[{"href":"https:\/\/pgwear.net\/de\/wp-json\/wp\/v2\/types\/product"}],"wp:featuredmedia":[{"embeddable":true,"href":"https:\/\/pgwear.net\/de\/wp-json\/wp\/v2\/media\/27931"}],"wp:attachment":[{"href":"https:\/\/pgwear.net\/de\/wp-json\/wp\/v2\/media?parent=21862"}],"wp:term":[{"taxonomy":"product_brand","embeddable":true,"href":"https:\/\/pgwear.net\/de\/wp-json\/wp\/v2\/product_brand?post=21862"},{"taxonomy":"product_cat","embeddable":true,"href":"https:\/\/pgwear.net\/de\/wp-json\/wp\/v2\/product_cat?post=21862"},{"taxonomy":"product_tag","embeddable":true,"href":"https:\/\/pgwear.net\/de\/wp-json\/wp\/v2\/product_tag?post=21862"}],"curies":[{"name":"wp","href":"https:\/\/api.w.org\/{rel}","templated":true}]}}