{"id":218622,"date":"2023-09-14T11:09:50","date_gmt":"2023-09-14T09:09:50","guid":{"rendered":"https:\/\/pgwear.net\/p\/t-shirt-mission-blau-weiss\/"},"modified":"2026-03-20T14:05:58","modified_gmt":"2026-03-20T13:05:58","slug":"t-shirt-mission-blau-weiss","status":"publish","type":"product","link":"https:\/\/pgwear.net\/de\/p\/t-shirt-mission-blau-weiss\/","title":{"rendered":"T-Shirt &#8220;Mission&#8221; Blau\/Wei\u00df"},"content":{"rendered":"<p>Dieses minimalistische <a href=\"https:\/\/pgwear.net\/de\/material\/100-baumwolle-de-2\/\">Baumwoll<\/a>&#8211;<a href=\"https:\/\/pgwear.net\/de\/c\/t-shirts-de\/\">Tshirt<\/a> ist die perfekte Wahl f\u00fcr hei\u00dfe Sommertage, an denen du stundenlang mit treuen Freunden in eine gegnerische Stadt zum <a href=\"https:\/\/pgwear.net\/de\/feature\/awayday-de\/\">Ausw\u00e4rtsspiel<\/a> reisen musst. Ultimativer Komfort und Stil garantiert! W\u00e4hle die Variante basierend auf den Farben deiner Lieblings-Fu\u00dfballmannschaft! Dieses hier ist perfekt f\u00fcr alle <a href=\"https:\/\/pgwear.net\/de\/farbe\/rot-blau\/\">rot-blauen<\/a> Fans von Vereinen wie dem FC Bayern M\u00fcnchen, Rangers F.C., <a href=\"https:\/\/pgwear.net\/de\/fussballteam\/hajduk-split-de\/\">HNK Hajduk Split<\/a> usw.<\/p>\n","protected":false},"excerpt":{"rendered":"<p>Dieses minimalistische Baumwoll-Tshirt ist die perfekte Wahl f\u00fcr hei\u00dfe Sommertage, an denen du stundenlang mit treuen Freunden in eine gegnerische Stadt zum Ausw\u00e4rtsspiel reisen musst.<\/p>\n","protected":false},"featured_media":129181,"template":"","meta":{"_acf_changed":false},"product_brand":[],"product_cat":[3611,658,660],"product_tag":[3841],"class_list":{"0":"post-218622","1":"product","2":"type-product","3":"status-publish","4":"has-post-thumbnail","6":"product_cat-casual-de","7":"product_cat-neuheiten","8":"product_cat-t-shirts-de","9":"product_tag-blue-monday","10":"pa_gramatura-180-gr-m2-de","11":"pa_kolekcja-fruhling-sommer-2024","12":"pa_kolor-schwarz","13":"pa_kolor-weiss-blau","14":"pa_material-100-baumwolle-de-2","15":"pa_rozmiar-l-de","16":"pa_rozmiar-m-de-2","17":"pa_rozmiar-s-de","18":"pa_rozmiar-xl-de","19":"pa_rozmiar-xxl-de","20":"pa_rozmiar-xxxl-de","22":"first","23":"instock","24":"taxable","25":"shipping-taxable","26":"purchasable","27":"product-type-variable"},"acf":[],"_links":{"self":[{"href":"https:\/\/pgwear.net\/de\/wp-json\/wp\/v2\/product\/218622","targetHints":{"allow":["GET"]}}],"collection":[{"href":"https:\/\/pgwear.net\/de\/wp-json\/wp\/v2\/product"}],"about":[{"href":"https:\/\/pgwear.net\/de\/wp-json\/wp\/v2\/types\/product"}],"wp:featuredmedia":[{"embeddable":true,"href":"https:\/\/pgwear.net\/de\/wp-json\/wp\/v2\/media\/129181"}],"wp:attachment":[{"href":"https:\/\/pgwear.net\/de\/wp-json\/wp\/v2\/media?parent=218622"}],"wp:term":[{"taxonomy":"product_brand","embeddable":true,"href":"https:\/\/pgwear.net\/de\/wp-json\/wp\/v2\/product_brand?post=218622"},{"taxonomy":"product_cat","embeddable":true,"href":"https:\/\/pgwear.net\/de\/wp-json\/wp\/v2\/product_cat?post=218622"},{"taxonomy":"product_tag","embeddable":true,"href":"https:\/\/pgwear.net\/de\/wp-json\/wp\/v2\/product_tag?post=218622"}],"curies":[{"name":"wp","href":"https:\/\/api.w.org\/{rel}","templated":true}]}}