{"id":22155,"date":"2022-05-27T10:29:57","date_gmt":"2022-05-27T08:29:57","guid":{"rendered":"https:\/\/pgwear.net\/p\/full-face-jacke-attack22-black\/"},"modified":"2026-03-18T16:06:23","modified_gmt":"2026-03-18T15:06:23","slug":"aw22-full-face-jacke-attack23-black","status":"publish","type":"product","link":"https:\/\/pgwear.net\/de\/p\/aw22-full-face-jacke-attack23-black\/","title":{"rendered":"Full Face Jacket &#8220;Attack`23&#8221; Black"},"content":{"rendered":"<p>Die Jacke \u201eAttack\u201c von PGWEAR ULTRAS SHOP ist eine Ikone des Fan-Styles. Dieses einzigartige, verbesserte Herbst-Winter-Modell, das auf der ikonischen \u201eRiot\u201c-Jacke basiert, erschien in unserem Angebot im Jahr 2016 in einer neuen, verbesserten Version. Sie wurde sofort zu einem Hit, der von Ultras, Casuals und Hooligans auf der ganzen Welt eifrig gekauft wurde. Wenn du diese Jacke auf der Stra\u00dfe oder im Stadion siehst, wei\u00df, dass du mit der besten Ultras-Jacke zu tun hast. Die im Kragen eingen\u00e4hte Ultras-Sturmhaube ist die perfekte L\u00f6sung f\u00fcr alle, die in \u201ebesonderen\u201c Situationen innerhalb und au\u00dferhalb des Stadions anonym bleiben wollen. Die Jacke von PGWEAR Marke verf\u00fcgt \u00fcber eine versteckte Tasche unter dem Rei\u00dfverschluss. Dank der Einsetzung von wasserdichten Materialien und der Fleece-Isolierung ist dieses Produkt perfekt f\u00fcr alle Wetterbedingungen. Erh\u00e4ltlich in vier Farbversionen<\/p>\n","protected":false},"excerpt":{"rendered":"<p>Die Jacke \u201eAttack\u201c von PGWEAR ULTRAS SHOP ist eine Ikone des Fan-Styles. Dieses einzigartige, verbesserte Herbst-Winter-Modell, das auf der ikonischen \u201eRiot\u201c-Jacke basiert, erschien in unserem Angebot im Jahr 2016 in einer neuen, verbesserten Version.<\/p>\n","protected":false},"featured_media":28228,"template":"","meta":{"_acf_changed":false},"product_brand":[],"product_cat":[656,658,3587],"product_tag":[2299,1712],"class_list":{"0":"post-22155","1":"product","2":"type-product","3":"status-publish","4":"has-post-thumbnail","6":"product_cat-jacken","7":"product_cat-neuheiten","8":"product_cat-winterjacken","9":"product_tag-herbst-winter-2023","10":"product_tag-stadium-line-de","11":"pa_gramatura-180-gr-m2-de","12":"pa_kolekcja-herbst-winter-2022","13":"pa_kolor-schwarz","14":"pa_kroj-klassisch","15":"pa_material-100-polyester-de-3","16":"pa_rozmiar-l-de","17":"pa_rozmiar-m-de-2","18":"pa_rozmiar-s-de","19":"pa_rozmiar-xl-de","20":"pa_rozmiar-xxl-de","21":"pa_rozmiar-xxxl-de","22":"feature-integrierte-sturmhaube","23":"feature-versteckte-tasche","24":"feature-wasserdichte","26":"first","27":"instock","28":"featured","29":"taxable","30":"shipping-taxable","31":"purchasable","32":"product-type-variable"},"acf":[],"_links":{"self":[{"href":"https:\/\/pgwear.net\/de\/wp-json\/wp\/v2\/product\/22155","targetHints":{"allow":["GET"]}}],"collection":[{"href":"https:\/\/pgwear.net\/de\/wp-json\/wp\/v2\/product"}],"about":[{"href":"https:\/\/pgwear.net\/de\/wp-json\/wp\/v2\/types\/product"}],"wp:featuredmedia":[{"embeddable":true,"href":"https:\/\/pgwear.net\/de\/wp-json\/wp\/v2\/media\/28228"}],"wp:attachment":[{"href":"https:\/\/pgwear.net\/de\/wp-json\/wp\/v2\/media?parent=22155"}],"wp:term":[{"taxonomy":"product_brand","embeddable":true,"href":"https:\/\/pgwear.net\/de\/wp-json\/wp\/v2\/product_brand?post=22155"},{"taxonomy":"product_cat","embeddable":true,"href":"https:\/\/pgwear.net\/de\/wp-json\/wp\/v2\/product_cat?post=22155"},{"taxonomy":"product_tag","embeddable":true,"href":"https:\/\/pgwear.net\/de\/wp-json\/wp\/v2\/product_tag?post=22155"}],"curies":[{"name":"wp","href":"https:\/\/api.w.org\/{rel}","templated":true}]}}