{"id":22276,"date":"2022-05-27T10:29:53","date_gmt":"2022-05-27T08:29:53","guid":{"rendered":"https:\/\/pgwear.net\/p\/full-face-softshell-battle-black\/"},"modified":"2026-03-14T04:42:11","modified_gmt":"2026-03-14T03:42:11","slug":"aw22-full-face-softshell-battle-black","status":"publish","type":"product","link":"https:\/\/pgwear.net\/de\/p\/aw22-full-face-softshell-battle-black\/","title":{"rendered":"Full Face Softshell &#8220;Battle&#8221; Black"},"content":{"rendered":"<p>Die einzigartige und bekannte PGWEAR-Softshelljacke ist perfekt f\u00fcr alle, vom gelegentlichen Stadionbesucher bis zum Hardcore-Fu\u00dfballfan und Ultras! Diese Ultras-Jacke h\u00e4lt dich nicht nur an k\u00e4lteren oder regnerischen Tagen auf der Trib\u00fcne warm, sondern sch\u00fctzt auch dein Gesicht vor Polizei und CCTV-Kameras, weil sie \u00fcber die eingen\u00e4hte Sturmhaube im Kragen verf\u00fcgt! Das Produkt ist in 3 Farben erh\u00e4ltlich.<\/p>\n","protected":false},"excerpt":{"rendered":"<p>Die einzigartige und bekannte PGWEAR-Softshelljacke ist perfekt f\u00fcr alle, vom gelegentlichen Stadionbesucher bis zum Hardcore-Fu\u00dfballfan und Ultras!<\/p>\n","protected":false},"featured_media":28508,"template":"","meta":{"_acf_changed":false},"product_brand":[],"product_cat":[656,658,3589],"product_tag":[2299,1712],"class_list":{"0":"post-22276","1":"product","2":"type-product","3":"status-publish","4":"has-post-thumbnail","6":"product_cat-jacken","7":"product_cat-neuheiten","8":"product_cat-softshelljacken","9":"product_tag-herbst-winter-2023","10":"product_tag-stadium-line-de","11":"pa_gramatura-320gr-m2-de","12":"pa_kolekcja-herbst-winter-2022","13":"pa_kolor-schwarz","14":"pa_kroj-klassisch","15":"pa_material-100-polyester-de-3","16":"pa_nadruk-drytex-logo-auf-der-ruckseite","17":"pa_rozmiar-l-de","18":"pa_rozmiar-m-de-2","19":"pa_rozmiar-s-de","20":"pa_rozmiar-xl-de","21":"pa_rozmiar-xxl-de","22":"pa_rozmiar-xxxl-de","23":"feature-integrierte-sturmhaube","24":"feature-versteckte-tasche","26":"first","27":"instock","28":"taxable","29":"shipping-taxable","30":"purchasable","31":"product-type-variable"},"acf":[],"_links":{"self":[{"href":"https:\/\/pgwear.net\/de\/wp-json\/wp\/v2\/product\/22276","targetHints":{"allow":["GET"]}}],"collection":[{"href":"https:\/\/pgwear.net\/de\/wp-json\/wp\/v2\/product"}],"about":[{"href":"https:\/\/pgwear.net\/de\/wp-json\/wp\/v2\/types\/product"}],"wp:featuredmedia":[{"embeddable":true,"href":"https:\/\/pgwear.net\/de\/wp-json\/wp\/v2\/media\/28508"}],"wp:attachment":[{"href":"https:\/\/pgwear.net\/de\/wp-json\/wp\/v2\/media?parent=22276"}],"wp:term":[{"taxonomy":"product_brand","embeddable":true,"href":"https:\/\/pgwear.net\/de\/wp-json\/wp\/v2\/product_brand?post=22276"},{"taxonomy":"product_cat","embeddable":true,"href":"https:\/\/pgwear.net\/de\/wp-json\/wp\/v2\/product_cat?post=22276"},{"taxonomy":"product_tag","embeddable":true,"href":"https:\/\/pgwear.net\/de\/wp-json\/wp\/v2\/product_tag?post=22276"}],"curies":[{"name":"wp","href":"https:\/\/api.w.org\/{rel}","templated":true}]}}