{"id":22318,"date":"2022-05-27T10:29:52","date_gmt":"2022-05-27T08:29:52","guid":{"rendered":"https:\/\/pgwear.net\/p\/ninja-hoodie-diabolic\/"},"modified":"2026-03-06T11:55:44","modified_gmt":"2026-03-06T10:55:44","slug":"aw22-ninja-hoodie-diabolic","status":"publish","type":"product","link":"https:\/\/pgwear.net\/de\/p\/aw22-ninja-hoodie-diabolic\/","title":{"rendered":"Ninja Hoodie &#8220;Diabolic&#8221;"},"content":{"rendered":"<p>Der Ninja-Hoodie &#8220;Diabolic&#8221; von PGWEAR Ultras Shop ist ein Produkt, auf das du sicherlich lange gewartet hast! Einer der ikonischen Ultras-Produkte kehrt in einer neuen, aufgefrischten Version zur\u00fcck! Eine speziell entworfene Kapuze passt perfekt zu jedem Kopf und nach dem Aufsetzen sind nur die Augen sichtbar. Der Kapuzenpullover &#8220;Diabolic&#8221; ist perfekt f\u00fcr den Alltag, aber noch besser w\u00e4hrend des Fu\u00dfballspiels, wenn Pyro abgebrannt wird. In den ger\u00e4umigen Taschen kannst du alles notwendige Ultras-Zubeh\u00f6r verstecken. Dieses einzigartige Ultras- Produkt wurde von PGWEAR Customs aus hochwertigem Baumwollstoff hergestellt.<\/p>\n","protected":false},"excerpt":{"rendered":"<p>Der Ninja-Hoodie &#8220;Diabolic&#8221; von PGWEAR Ultras Shop ist ein Produkt, auf das du sicherlich lange gewartet hast! Einer der ikonischen Ultras-Produkte kehrt in einer neuen, aufgefrischten Version zur\u00fcck!<\/p>\n","protected":false},"featured_media":28577,"template":"","meta":{"_acf_changed":false},"product_brand":[],"product_cat":[3561,3563,658,610],"product_tag":[1706,3279,1712],"class_list":{"0":"post-22318","1":"product","2":"type-product","3":"status-publish","4":"has-post-thumbnail","6":"product_cat-kapuzenpullover","7":"product_cat-kapuzenpullover-mit-sturmhaube","8":"product_cat-neuheiten","9":"product_cat-sweatshirts","10":"product_tag-herbst-winter-2022","11":"product_tag-letzte-chance","12":"product_tag-stadium-line-de","13":"pa_gramatura-290-gr-m2-de","14":"pa_kolekcja-herbst-winter-2022","15":"pa_kolor-schwarz","16":"pa_kroj-klassisch","17":"pa_material-100-baumwolle-de-2","18":"pa_nadruk-pgwear-auf-der-vorderseite","19":"pa_rozmiar-l-de","20":"pa_rozmiar-m-de-2","21":"pa_rozmiar-s-de","22":"pa_rozmiar-xl-de","23":"pa_rozmiar-xxl-de","24":"pa_rozmiar-xxxl-de","25":"feature-grose-tasche","26":"feature-integrierte-sturmhaube","27":"feature-versteckte-tasche","29":"first","30":"outofstock","31":"sale","32":"taxable","33":"shipping-taxable","34":"purchasable","35":"product-type-variable"},"acf":[],"_links":{"self":[{"href":"https:\/\/pgwear.net\/de\/wp-json\/wp\/v2\/product\/22318","targetHints":{"allow":["GET"]}}],"collection":[{"href":"https:\/\/pgwear.net\/de\/wp-json\/wp\/v2\/product"}],"about":[{"href":"https:\/\/pgwear.net\/de\/wp-json\/wp\/v2\/types\/product"}],"wp:featuredmedia":[{"embeddable":true,"href":"https:\/\/pgwear.net\/de\/wp-json\/wp\/v2\/media\/28577"}],"wp:attachment":[{"href":"https:\/\/pgwear.net\/de\/wp-json\/wp\/v2\/media?parent=22318"}],"wp:term":[{"taxonomy":"product_brand","embeddable":true,"href":"https:\/\/pgwear.net\/de\/wp-json\/wp\/v2\/product_brand?post=22318"},{"taxonomy":"product_cat","embeddable":true,"href":"https:\/\/pgwear.net\/de\/wp-json\/wp\/v2\/product_cat?post=22318"},{"taxonomy":"product_tag","embeddable":true,"href":"https:\/\/pgwear.net\/de\/wp-json\/wp\/v2\/product_tag?post=22318"}],"curies":[{"name":"wp","href":"https:\/\/api.w.org\/{rel}","templated":true}]}}