{"id":22904,"date":"2022-05-27T10:29:37","date_gmt":"2022-05-27T08:29:37","guid":{"rendered":"https:\/\/pgwear.net\/p\/t-shirt-shield\/"},"modified":"2026-02-18T20:06:12","modified_gmt":"2026-02-18T19:06:12","slug":"aw22-t-shirt-shield","status":"publish","type":"product","link":"https:\/\/pgwear.net\/de\/p\/aw22-t-shirt-shield\/","title":{"rendered":"T-shirt &#8220;Shield&#8221;"},"content":{"rendered":"<p>Das Baumwoll-T-Shirt von PGWEAR Marke mit dem Ultras-Motiv auf dem R\u00fccken ist ein perfektes Angebot f\u00fcr alle aktiven Fu\u00dfballfans. Der Aufdruck zeigt drei Dinge, die jedem Fu\u00dfballfan sehr wichtig sind: eine Sturmhaube, ein Bier und einen Old-School-Ball. Eine Sturmhaube- wahrscheinlich die beste Fu\u00dfballm\u00fctze, dank der du immer anonym bleibst. Bier \u2013 ein Getr\u00e4nk der G\u00f6tter und jedes echten Fu\u00dfballfans. Das Oldschool- Ball &#8211; Symbol gegen den modernen Fu\u00dfball, das die h\u00f6chsten Werte im Fu\u00dfball repr\u00e4sentiert. Das T-shirt &#8220;Shield&#8221; wurde von PGWEAR Customs produziert \u2013 ein Hersteller der besten Ultras-Bekleidung.<\/p>\n","protected":false},"excerpt":{"rendered":"<p>Das Baumwoll-T-Shirt von PGWEAR Marke mit dem Ultras-Motiv auf dem R\u00fccken ist ein perfektes Angebot f\u00fcr alle aktiven Fu\u00dfballfans.<\/p>\n","protected":false},"featured_media":29155,"template":"","meta":{"_acf_changed":false},"product_brand":[],"product_cat":[658,660],"product_tag":[3279],"class_list":{"0":"post-22904","1":"product","2":"type-product","3":"status-publish","4":"has-post-thumbnail","6":"product_cat-neuheiten","7":"product_cat-t-shirts-de","8":"product_tag-letzte-chance","9":"pa_gramatura-180-gr-m2-de","10":"pa_kolekcja-herbst-winter-2022","11":"pa_kolor-schwarz","12":"pa_kroj-klassisch","13":"pa_material-100-baumwolle-de-2","14":"pa_nadruk-grosser-rueckenaufdruck","15":"pa_nadruk-pgwear-aufdruck-links-auf-der-brust","16":"pa_rozmiar-l-de","17":"pa_rozmiar-m-de-2","18":"pa_rozmiar-s-de","19":"pa_rozmiar-xl-de","20":"pa_rozmiar-xxl-de","21":"pa_rozmiar-xxxl-de","22":"feature-balaclava-motiv","23":"feature-ball-thema","24":"feature-lorbeerkranz","25":"feature-thema-bier","27":"first","28":"outofstock","29":"taxable","30":"shipping-taxable","31":"product-type-variable"},"acf":[],"_links":{"self":[{"href":"https:\/\/pgwear.net\/de\/wp-json\/wp\/v2\/product\/22904","targetHints":{"allow":["GET"]}}],"collection":[{"href":"https:\/\/pgwear.net\/de\/wp-json\/wp\/v2\/product"}],"about":[{"href":"https:\/\/pgwear.net\/de\/wp-json\/wp\/v2\/types\/product"}],"wp:featuredmedia":[{"embeddable":true,"href":"https:\/\/pgwear.net\/de\/wp-json\/wp\/v2\/media\/29155"}],"wp:attachment":[{"href":"https:\/\/pgwear.net\/de\/wp-json\/wp\/v2\/media?parent=22904"}],"wp:term":[{"taxonomy":"product_brand","embeddable":true,"href":"https:\/\/pgwear.net\/de\/wp-json\/wp\/v2\/product_brand?post=22904"},{"taxonomy":"product_cat","embeddable":true,"href":"https:\/\/pgwear.net\/de\/wp-json\/wp\/v2\/product_cat?post=22904"},{"taxonomy":"product_tag","embeddable":true,"href":"https:\/\/pgwear.net\/de\/wp-json\/wp\/v2\/product_tag?post=22904"}],"curies":[{"name":"wp","href":"https:\/\/api.w.org\/{rel}","templated":true}]}}