{"id":23458,"date":"2022-06-01T09:40:25","date_gmt":"2022-06-01T07:40:25","guid":{"rendered":"https:\/\/pgwear.net\/p\/kapuzenpullover-alien\/"},"modified":"2026-03-01T14:37:20","modified_gmt":"2026-03-01T13:37:20","slug":"tnf003-kapuzenpullover-alien","status":"publish","type":"product","link":"https:\/\/pgwear.net\/de\/p\/tnf003-kapuzenpullover-alien\/","title":{"rendered":"Hoodie &#8220;Alien&#8221;"},"content":{"rendered":"<p>Minimalistisch und schwarz! Speziell f\u00fcr Fu\u00dfballfans entworfen, die w\u00e4hrend des Spiels im Stadion oder auf der Stra\u00dfe anonym und sicher bleiben m\u00f6chten! Mit einem einzigartigen Detail &#8211; Full Face Hood, um das Gesicht richtig zu bedecken! Das ist Ninja Hoodie THE NO FACE von PGWEAR ULTRAS SHOP!<\/p>\n","protected":false},"excerpt":{"rendered":"<p>Minimalistisch und schwarz! Speziell f\u00fcr Fu\u00dfballfans entworfen, die w\u00e4hrend des Spiels im Stadion oder auf der Stra\u00dfe anonym und sicher bleiben m\u00f6chten!<\/p>\n","protected":false},"featured_media":37521,"template":"","meta":{"_acf_changed":false},"product_brand":[],"product_cat":[3561,3563,658,610],"product_tag":[3857,3279,1799],"class_list":{"0":"post-23458","1":"product","2":"type-product","3":"status-publish","4":"has-post-thumbnail","6":"product_cat-kapuzenpullover","7":"product_cat-kapuzenpullover-mit-sturmhaube","8":"product_cat-neuheiten","9":"product_cat-sweatshirts","10":"product_tag-50sale","11":"product_tag-letzte-chance","12":"product_tag-the-no-face-de","13":"pa_gramatura-290-gr-m2-de","14":"pa_kolekcja-herbst-winter-2022","15":"pa_kolor-schwarz","16":"pa_kroj-klassisch","17":"pa_material-100-baumwolle-de-2","18":"pa_rozmiar-l-de","19":"pa_rozmiar-m-de-2","20":"pa_rozmiar-s-de","21":"pa_rozmiar-xl-de","22":"pa_rozmiar-xxl-de","23":"pa_rozmiar-xxxl-de","24":"feature-integrierte-sturmhaube","26":"first","27":"outofstock","28":"taxable","29":"shipping-taxable","30":"product-type-variable"},"acf":[],"_links":{"self":[{"href":"https:\/\/pgwear.net\/de\/wp-json\/wp\/v2\/product\/23458","targetHints":{"allow":["GET"]}}],"collection":[{"href":"https:\/\/pgwear.net\/de\/wp-json\/wp\/v2\/product"}],"about":[{"href":"https:\/\/pgwear.net\/de\/wp-json\/wp\/v2\/types\/product"}],"wp:featuredmedia":[{"embeddable":true,"href":"https:\/\/pgwear.net\/de\/wp-json\/wp\/v2\/media\/37521"}],"wp:attachment":[{"href":"https:\/\/pgwear.net\/de\/wp-json\/wp\/v2\/media?parent=23458"}],"wp:term":[{"taxonomy":"product_brand","embeddable":true,"href":"https:\/\/pgwear.net\/de\/wp-json\/wp\/v2\/product_brand?post=23458"},{"taxonomy":"product_cat","embeddable":true,"href":"https:\/\/pgwear.net\/de\/wp-json\/wp\/v2\/product_cat?post=23458"},{"taxonomy":"product_tag","embeddable":true,"href":"https:\/\/pgwear.net\/de\/wp-json\/wp\/v2\/product_tag?post=23458"}],"curies":[{"name":"wp","href":"https:\/\/api.w.org\/{rel}","templated":true}]}}