{"id":24074,"date":"2022-06-10T08:44:18","date_gmt":"2022-06-10T06:44:18","guid":{"rendered":"https:\/\/pgwear.net\/?post_type=product&#038;p=24074"},"modified":"2026-04-01T10:57:54","modified_gmt":"2026-04-01T08:57:54","slug":"jeans-rider-grey","status":"publish","type":"product","link":"https:\/\/pgwear.net\/de\/p\/jeans-rider-grey\/","title":{"rendered":"Jeans &#8220;Rider&#8221; Grey"},"content":{"rendered":"<p>Ohne welches Kleidungsst\u00fcck ist dein Outfit sowohl auf der Stra\u00dfe als auch im Stadion nicht vorstellbar? Ein perfektes Produkt f\u00fcr jede Jahreszeit? Ja, es ist JEANS! Vervollst\u00e4ndige deinen Ultras-Stil mit minimalistischen aber auch stilvollen Premium-Baumwolljeans von PGWEAR! Erh\u00e4ltlich in zwei Farbvarianten!<\/p>\n","protected":false},"excerpt":{"rendered":"<p>Ohne welches Kleidungsst\u00fcck ist dein Outfit sowohl auf der Stra\u00dfe als auch im Stadion nicht vorstellbar? Ein perfektes Produkt f\u00fcr jede Jahreszeit? Ja, es ist JEANS!<\/p>\n","protected":false},"featured_media":24050,"template":"","meta":{"_acf_changed":false},"product_brand":[],"product_cat":[425,3605],"product_tag":[],"class_list":{"0":"post-24074","1":"product","2":"type-product","3":"status-publish","4":"has-post-thumbnail","6":"product_cat-hosen","7":"product_cat-jeans-de","8":"pa_gramatura-320gr-m2-de","9":"pa_kolor-grau","10":"pa_kroj-klassisch","11":"pa_material-2-elastan-de","12":"pa_material-98-baumwolle","13":"pa_rozmiar-l-de","14":"pa_rozmiar-m-de-2","15":"pa_rozmiar-s-de","16":"pa_rozmiar-xl-de","17":"pa_rozmiar-xxl-de","18":"pa_rozmiar-xxxl-de","19":"feature-jeans-de","21":"first","22":"instock","23":"taxable","24":"shipping-taxable","25":"purchasable","26":"product-type-variable"},"acf":[],"_links":{"self":[{"href":"https:\/\/pgwear.net\/de\/wp-json\/wp\/v2\/product\/24074","targetHints":{"allow":["GET"]}}],"collection":[{"href":"https:\/\/pgwear.net\/de\/wp-json\/wp\/v2\/product"}],"about":[{"href":"https:\/\/pgwear.net\/de\/wp-json\/wp\/v2\/types\/product"}],"wp:featuredmedia":[{"embeddable":true,"href":"https:\/\/pgwear.net\/de\/wp-json\/wp\/v2\/media\/24050"}],"wp:attachment":[{"href":"https:\/\/pgwear.net\/de\/wp-json\/wp\/v2\/media?parent=24074"}],"wp:term":[{"taxonomy":"product_brand","embeddable":true,"href":"https:\/\/pgwear.net\/de\/wp-json\/wp\/v2\/product_brand?post=24074"},{"taxonomy":"product_cat","embeddable":true,"href":"https:\/\/pgwear.net\/de\/wp-json\/wp\/v2\/product_cat?post=24074"},{"taxonomy":"product_tag","embeddable":true,"href":"https:\/\/pgwear.net\/de\/wp-json\/wp\/v2\/product_tag?post=24074"}],"curies":[{"name":"wp","href":"https:\/\/api.w.org\/{rel}","templated":true}]}}