{"id":241431,"date":"2026-03-23T11:58:44","date_gmt":"2026-03-23T10:58:44","guid":{"rendered":"https:\/\/pgwear.net\/p\/sample-badehose\/"},"modified":"2026-03-24T21:05:56","modified_gmt":"2026-03-24T20:05:56","slug":"sample-badehose","status":"publish","type":"product","link":"https:\/\/pgwear.net\/de\/p\/sample-badehose\/","title":{"rendered":"SAMPLE Badehose"},"content":{"rendered":"<p>Bevor du eine gr\u00f6\u00dfere Bestellung bei PGWEAR Customs aufgibst, kannst du dich zun\u00e4chst live von der Qualit\u00e4t unserer Produkte \u00fcberzeugen.<\/p>\n<p>Bestelle ein Musterprodukt und erhalte eines der in unserem Shop verf\u00fcgbaren Modelle \u2013 so kannst du dir vor der Produktion deiner eigenen Kollektion ein Bild von den Materialien, der Verarbeitung und der Passform machen.4<\/p>\n<p>Das ist der einfachste Weg, um sicherzustellen, dass alles deinen Erwartungen entspricht.<\/p>\n<p>Au\u00dferdem versenden wir alle Musterprodukte v\u00f6llig kostenlos.<\/p>\n","protected":false},"excerpt":{"rendered":"<p>Bevor du eine gr\u00f6\u00dfere Bestellung bei PGWEAR Customs aufgibst, kannst du dich zun\u00e4chst live von der Qualit\u00e4t unserer Produkte \u00fcberzeugen. Alle Musterartikel versenden wir v\u00f6llig kostenlos. <\/p>\n","protected":false},"featured_media":241522,"template":"","meta":{"_acf_changed":false},"product_brand":[],"product_cat":[],"product_tag":[],"class_list":{"0":"post-241431","1":"product","2":"type-product","3":"status-publish","4":"has-post-thumbnail","6":"product_shipping_class-sample","7":"pa_rozmiar-l-de","8":"pa_rozmiar-m-de-2","9":"pa_rozmiar-s-de","10":"pa_rozmiar-xl-de","11":"pa_rozmiar-xxl-de","12":"pa_rozmiar-xxxl-de","14":"first","15":"instock","16":"taxable","17":"shipping-taxable","18":"purchasable","19":"product-type-variable"},"acf":[],"_links":{"self":[{"href":"https:\/\/pgwear.net\/de\/wp-json\/wp\/v2\/product\/241431","targetHints":{"allow":["GET"]}}],"collection":[{"href":"https:\/\/pgwear.net\/de\/wp-json\/wp\/v2\/product"}],"about":[{"href":"https:\/\/pgwear.net\/de\/wp-json\/wp\/v2\/types\/product"}],"wp:featuredmedia":[{"embeddable":true,"href":"https:\/\/pgwear.net\/de\/wp-json\/wp\/v2\/media\/241522"}],"wp:attachment":[{"href":"https:\/\/pgwear.net\/de\/wp-json\/wp\/v2\/media?parent=241431"}],"wp:term":[{"taxonomy":"product_brand","embeddable":true,"href":"https:\/\/pgwear.net\/de\/wp-json\/wp\/v2\/product_brand?post=241431"},{"taxonomy":"product_cat","embeddable":true,"href":"https:\/\/pgwear.net\/de\/wp-json\/wp\/v2\/product_cat?post=241431"},{"taxonomy":"product_tag","embeddable":true,"href":"https:\/\/pgwear.net\/de\/wp-json\/wp\/v2\/product_tag?post=241431"}],"curies":[{"name":"wp","href":"https:\/\/api.w.org\/{rel}","templated":true}]}}