{"id":25826,"date":"2022-07-11T11:31:57","date_gmt":"2022-07-11T09:31:57","guid":{"rendered":"https:\/\/pgwear.net\/?post_type=product&#038;p=25826"},"modified":"2026-03-22T15:39:51","modified_gmt":"2026-03-22T14:39:51","slug":"mask-hoodie-cards","status":"publish","type":"product","link":"https:\/\/pgwear.net\/de\/p\/mask-hoodie-cards\/","title":{"rendered":"Mask Hoodie &#8220;Cards&#8221;"},"content":{"rendered":"<p>M\u00f6chtest du ein Spiel spielen? Rate mal, wer der schlimmste Feind aller Ultras und Hooligans ist? Ja, das ist es, was <a href=\"https:\/\/pgwear.net\/de\/feature\/1312-de\/\">1312<\/a> ist! Verbreite diese Botschaft mit Stolz auf der Stra\u00dfe und im Stadion! Trage sie in Form eines der gro\u00dfartigen Ultras-Prints, f\u00fcr die PGWEAR ber\u00fchmt ist! Und dank einer in die Kapuze eingen\u00e4hten Maske verbirgst du dein Gesicht vor allen Feinden! PGWEAR ULTRAS SHOP garantiert immer beste Qualit\u00e4t! Das Produkt wurde in Europa, in Polen von PGWEAR CUSTOMS hergestellt.<\/p>\n","protected":false},"excerpt":{"rendered":"<p>M\u00f6chtest du ein Spiel spielen? Rate mal, wer der schlimmste Feind aller Ultras und Hooligans ist? Ja, das ist 1312!<\/p>\n","protected":false},"featured_media":25805,"template":"","meta":{"_acf_changed":false},"product_brand":[],"product_cat":[3561,3563,658,610],"product_tag":[1547,3841,3279],"class_list":{"0":"post-25826","1":"product","2":"type-product","3":"status-publish","4":"has-post-thumbnail","6":"product_cat-kapuzenpullover","7":"product_cat-kapuzenpullover-mit-sturmhaube","8":"product_cat-neuheiten","9":"product_cat-sweatshirts","10":"product_tag-best-of-the-best","11":"product_tag-blue-monday","12":"product_tag-letzte-chance","13":"pa_gramatura-340-gr-m2-de","14":"pa_kolekcja-herbst-winter-2022","15":"pa_kolor-schwarz","16":"pa_kroj-klassisch","17":"pa_material-100-baumwolle-de-2","18":"pa_nadruk-grosser-brustaufdruck","19":"pa_nadruk-grosser-rueckenaufdruck","20":"pa_rozmiar-l-de","21":"pa_rozmiar-m-de-2","22":"pa_rozmiar-s-de","23":"pa_rozmiar-xl-de","24":"pa_rozmiar-xxl-de","25":"pa_rozmiar-xxxl-de","26":"feature-integrierte-maske","28":"first","29":"instock","30":"sale","31":"taxable","32":"shipping-taxable","33":"purchasable","34":"product-type-variable"},"acf":[],"_links":{"self":[{"href":"https:\/\/pgwear.net\/de\/wp-json\/wp\/v2\/product\/25826","targetHints":{"allow":["GET"]}}],"collection":[{"href":"https:\/\/pgwear.net\/de\/wp-json\/wp\/v2\/product"}],"about":[{"href":"https:\/\/pgwear.net\/de\/wp-json\/wp\/v2\/types\/product"}],"wp:featuredmedia":[{"embeddable":true,"href":"https:\/\/pgwear.net\/de\/wp-json\/wp\/v2\/media\/25805"}],"wp:attachment":[{"href":"https:\/\/pgwear.net\/de\/wp-json\/wp\/v2\/media?parent=25826"}],"wp:term":[{"taxonomy":"product_brand","embeddable":true,"href":"https:\/\/pgwear.net\/de\/wp-json\/wp\/v2\/product_brand?post=25826"},{"taxonomy":"product_cat","embeddable":true,"href":"https:\/\/pgwear.net\/de\/wp-json\/wp\/v2\/product_cat?post=25826"},{"taxonomy":"product_tag","embeddable":true,"href":"https:\/\/pgwear.net\/de\/wp-json\/wp\/v2\/product_tag?post=25826"}],"curies":[{"name":"wp","href":"https:\/\/api.w.org\/{rel}","templated":true}]}}