{"id":25883,"date":"2022-07-11T11:31:57","date_gmt":"2022-07-11T09:31:57","guid":{"rendered":"https:\/\/pgwear.net\/?post_type=product&#038;p=25883"},"modified":"2026-03-20T16:54:34","modified_gmt":"2026-03-20T15:54:34","slug":"full-face-kapuzenpullover","status":"publish","type":"product","link":"https:\/\/pgwear.net\/de\/p\/full-face-kapuzenpullover\/","title":{"rendered":"Full Face Kapuzenpullover &#8220;1312&#8221;"},"content":{"rendered":"<p>M\u00f6chtest du ein Spiel spielen? Rate mal, wer der schlimmste Feind aller Ultras und Hooligans ist? Ja, das ist 1312! Verbreite diese Botschaft stolz sowohl auf der Stra\u00dfe als auch im Stadion! Trage sie in Form eines der gro\u00dfartigen Ultras-Prints, f\u00fcr die PGWEAR ber\u00fchmt ist! Und dank einer in die Kapuze eingen\u00e4hten Maske verbirgst du dein Gesicht vor allen Feinden! PGWEAR ULTRAS SHOP garantiert immer beste Qualit\u00e4t! Das Produkt wurde in Europa, in Polen von PGWEAR CUSTOMS hergestellt.<\/p>\n","protected":false},"excerpt":{"rendered":"<p>M\u00f6chtest du ein Spiel spielen? Rate mal, wer der schlimmste Feind aller Ultras und Hooligans ist? Ja, das ist 1312!<\/p>\n","protected":false},"featured_media":25854,"template":"","meta":{"_acf_changed":false},"product_brand":[],"product_cat":[3561,3563,658,610],"product_tag":[1547],"class_list":{"0":"post-25883","1":"product","2":"type-product","3":"status-publish","4":"has-post-thumbnail","6":"product_cat-kapuzenpullover","7":"product_cat-kapuzenpullover-mit-sturmhaube","8":"product_cat-neuheiten","9":"product_cat-sweatshirts","10":"product_tag-best-of-the-best","11":"pa_gramatura-340-gr-m2-de","12":"pa_kolekcja-herbst-winter-2022","13":"pa_kolor-schwarz","14":"pa_kroj-klassisch","15":"pa_material-100-baumwolle-de-2","16":"pa_nadruk-grosser-brustaufdruck","17":"pa_rozmiar-l-de","18":"pa_rozmiar-m-de-2","19":"pa_rozmiar-s-de","20":"pa_rozmiar-xl-de","21":"pa_rozmiar-xxl-de","22":"pa_rozmiar-xxxl-de","23":"feature-1312-de","24":"feature-integrierte-sturmhaube","25":"feature-pyro-thema","27":"first","28":"instock","29":"taxable","30":"shipping-taxable","31":"purchasable","32":"product-type-variable"},"acf":[],"_links":{"self":[{"href":"https:\/\/pgwear.net\/de\/wp-json\/wp\/v2\/product\/25883","targetHints":{"allow":["GET"]}}],"collection":[{"href":"https:\/\/pgwear.net\/de\/wp-json\/wp\/v2\/product"}],"about":[{"href":"https:\/\/pgwear.net\/de\/wp-json\/wp\/v2\/types\/product"}],"wp:featuredmedia":[{"embeddable":true,"href":"https:\/\/pgwear.net\/de\/wp-json\/wp\/v2\/media\/25854"}],"wp:attachment":[{"href":"https:\/\/pgwear.net\/de\/wp-json\/wp\/v2\/media?parent=25883"}],"wp:term":[{"taxonomy":"product_brand","embeddable":true,"href":"https:\/\/pgwear.net\/de\/wp-json\/wp\/v2\/product_brand?post=25883"},{"taxonomy":"product_cat","embeddable":true,"href":"https:\/\/pgwear.net\/de\/wp-json\/wp\/v2\/product_cat?post=25883"},{"taxonomy":"product_tag","embeddable":true,"href":"https:\/\/pgwear.net\/de\/wp-json\/wp\/v2\/product_tag?post=25883"}],"curies":[{"name":"wp","href":"https:\/\/api.w.org\/{rel}","templated":true}]}}