{"id":25958,"date":"2022-07-11T11:31:59","date_gmt":"2022-07-11T09:31:59","guid":{"rendered":"https:\/\/pgwear.net\/?post_type=product&#038;p=25958"},"modified":"2026-03-23T08:05:52","modified_gmt":"2026-03-23T07:05:52","slug":"mask-kapuzenpullover-maska-skull","status":"publish","type":"product","link":"https:\/\/pgwear.net\/de\/p\/mask-kapuzenpullover-maska-skull\/","title":{"rendered":"Mask Kapuzenpullover &#8220;Skull&#8221;"},"content":{"rendered":"<p>Zu viele Polizei- und Stadionkameras? Keine Sorge, dieser minimalistische schwarze Hoodie wird nicht ihre Aufmerksamkeit erregen. Und noch etwas &#8211; er hat ein einzigartiges Detail, das eine wahre Ikone des Ultras-Stils ist und nur von PGWEAR ULTRAS SHOP hergestellt wird! Eine Sturmhaube mit Totenkopfmotiv -eingen\u00e4ht in der Kapuze! Bedecke dein Gesicht, wodurch du sicher und anonym w\u00e4hrend des Pyroabbrennens bleibst! Die Marke PGWEAR garantiert immer beste Qualit\u00e4t! Hergestellt in Europa, in Polen von PGWEAR CUSTOMS.<\/p>\n","protected":false},"excerpt":{"rendered":"<p>Zu viele Polizei- und Stadionkameras? Keine Sorge, dieser minimalistische schwarze Hoodie wird nicht ihre Aufmerksamkeit erregen.<\/p>\n","protected":false},"featured_media":25935,"template":"","meta":{"_acf_changed":false},"product_brand":[],"product_cat":[3561,3563,658,610],"product_tag":[1547],"class_list":{"0":"post-25958","1":"product","2":"type-product","3":"status-publish","4":"has-post-thumbnail","6":"product_cat-kapuzenpullover","7":"product_cat-kapuzenpullover-mit-sturmhaube","8":"product_cat-neuheiten","9":"product_cat-sweatshirts","10":"product_tag-best-of-the-best","11":"pa_gramatura-290-gr-m2-de","12":"pa_kolekcja-herbst-winter-2022","13":"pa_kolor-schwarz","14":"pa_kroj-klassisch","15":"pa_material-100-baumwolle-de-2","16":"pa_nadruk-aufdruck-in-der-mitte","17":"pa_rozmiar-l-de","18":"pa_rozmiar-m-de-2","19":"pa_rozmiar-s-de","20":"pa_rozmiar-xl-de","21":"pa_rozmiar-xxl-de","22":"pa_rozmiar-xxxl-de","23":"feature-integrierte-maske","24":"feature-totenkopf","25":"feature-versteckte-tasche","27":"first","28":"instock","29":"taxable","30":"shipping-taxable","31":"purchasable","32":"product-type-variable"},"acf":[],"_links":{"self":[{"href":"https:\/\/pgwear.net\/de\/wp-json\/wp\/v2\/product\/25958","targetHints":{"allow":["GET"]}}],"collection":[{"href":"https:\/\/pgwear.net\/de\/wp-json\/wp\/v2\/product"}],"about":[{"href":"https:\/\/pgwear.net\/de\/wp-json\/wp\/v2\/types\/product"}],"wp:featuredmedia":[{"embeddable":true,"href":"https:\/\/pgwear.net\/de\/wp-json\/wp\/v2\/media\/25935"}],"wp:attachment":[{"href":"https:\/\/pgwear.net\/de\/wp-json\/wp\/v2\/media?parent=25958"}],"wp:term":[{"taxonomy":"product_brand","embeddable":true,"href":"https:\/\/pgwear.net\/de\/wp-json\/wp\/v2\/product_brand?post=25958"},{"taxonomy":"product_cat","embeddable":true,"href":"https:\/\/pgwear.net\/de\/wp-json\/wp\/v2\/product_cat?post=25958"},{"taxonomy":"product_tag","embeddable":true,"href":"https:\/\/pgwear.net\/de\/wp-json\/wp\/v2\/product_tag?post=25958"}],"curies":[{"name":"wp","href":"https:\/\/api.w.org\/{rel}","templated":true}]}}