{"id":25984,"date":"2022-07-11T11:32:00","date_gmt":"2022-07-11T09:32:00","guid":{"rendered":"https:\/\/pgwear.net\/?post_type=product&#038;p=25984"},"modified":"2026-03-23T09:45:58","modified_gmt":"2026-03-23T08:45:58","slug":"t-shirt-1312","status":"publish","type":"product","link":"https:\/\/pgwear.net\/de\/p\/t-shirt-1312\/","title":{"rendered":"T-shirt &#8220;1312&#8221;"},"content":{"rendered":"<p>Ihr kennt shon gut dieses Motiv und wir wissen, dass es euch sehr gef\u00e4llt! Das T-Shirt mit dem ber\u00fchmten &#8220;1312&#8221;-Motiv aus Fackeln wird an hei\u00dfen Sommertagen gro\u00dfartig aussehen! Trage es stolz sowohl auf der Stra\u00dfe als auch im Stadion! PGWEAR ULTRAS SHOP garantiert immer beste Qualit\u00e4t! Das Produkt wurde in Europa, in Polen von PGWEAR CUSTOMS hergestellt.<\/p>\n","protected":false},"excerpt":{"rendered":"<p>Ihr kennt shon gut dieses Motiv und wir wissen, dass es euch sehr gef\u00e4llt!<\/p>\n","protected":false},"featured_media":25967,"template":"","meta":{"_acf_changed":false},"product_brand":[],"product_cat":[658,660],"product_tag":[1547],"class_list":{"0":"post-25984","1":"product","2":"type-product","3":"status-publish","4":"has-post-thumbnail","6":"product_cat-neuheiten","7":"product_cat-t-shirts-de","8":"product_tag-best-of-the-best","9":"pa_gramatura-180-gr-m2-de","10":"pa_kolekcja-herbst-winter-2022","11":"pa_kolor-schwarz","12":"pa_kroj-klassisch","13":"pa_material-100-baumwolle-de-2","14":"pa_nadruk-grosser-brustaufdruck","15":"pa_rozmiar-l-de","16":"pa_rozmiar-m-de-2","17":"pa_rozmiar-s-de","18":"pa_rozmiar-xl-de","19":"pa_rozmiar-xxl-de","20":"pa_rozmiar-xxxl-de","21":"feature-1312-de","22":"feature-pyro-thema","24":"first","25":"instock","26":"taxable","27":"shipping-taxable","28":"purchasable","29":"product-type-variable"},"acf":[],"_links":{"self":[{"href":"https:\/\/pgwear.net\/de\/wp-json\/wp\/v2\/product\/25984","targetHints":{"allow":["GET"]}}],"collection":[{"href":"https:\/\/pgwear.net\/de\/wp-json\/wp\/v2\/product"}],"about":[{"href":"https:\/\/pgwear.net\/de\/wp-json\/wp\/v2\/types\/product"}],"wp:featuredmedia":[{"embeddable":true,"href":"https:\/\/pgwear.net\/de\/wp-json\/wp\/v2\/media\/25967"}],"wp:attachment":[{"href":"https:\/\/pgwear.net\/de\/wp-json\/wp\/v2\/media?parent=25984"}],"wp:term":[{"taxonomy":"product_brand","embeddable":true,"href":"https:\/\/pgwear.net\/de\/wp-json\/wp\/v2\/product_brand?post=25984"},{"taxonomy":"product_cat","embeddable":true,"href":"https:\/\/pgwear.net\/de\/wp-json\/wp\/v2\/product_cat?post=25984"},{"taxonomy":"product_tag","embeddable":true,"href":"https:\/\/pgwear.net\/de\/wp-json\/wp\/v2\/product_tag?post=25984"}],"curies":[{"name":"wp","href":"https:\/\/api.w.org\/{rel}","templated":true}]}}