{"id":26027,"date":"2022-07-11T11:32:00","date_gmt":"2022-07-11T09:32:00","guid":{"rendered":"https:\/\/pgwear.net\/?post_type=product&#038;p=26027"},"modified":"2026-03-23T14:27:12","modified_gmt":"2026-03-23T13:27:12","slug":"football-jersey-acab-pure","status":"publish","type":"product","link":"https:\/\/pgwear.net\/de\/p\/football-jersey-acab-pure\/","title":{"rendered":"Football Jersey &#8220;ACAB PURE&#8221;"},"content":{"rendered":"<p>Vor etwa 10 Jahren schrieb jemand auf eine sehr elegante Weise das Wort\u201eACAB\u201c auf die zerkratzte Wand. Und jemand anderes hat ein Foto davon gemacht. Und dieses Foto ging viral und wurde zu einem der kultigsten Bilder der Ultras-Welt. Wir \u00fcberarbeiten diese Ikone der St\u00e4nde und W\u00e4nde noch einmal! Dieses Mal in der Version des Fu\u00dfballtrikots! Trage dieses Produkt stolz sowohl auf der Stra\u00dfe als auch im Stadion! PGWEAR garantiert immer beste Qualit\u00e4t! Das Produkt wurde in Europa, in Polen von PGWEAR CUSTOMS hergestellt.<\/p>\n","protected":false},"excerpt":{"rendered":"<p>Vor etwa 10 Jahren schrieb jemand auf eine sehr elegante Weise das Wort\u201eACAB\u201c auf die zerkratzte Wand. Und jemand anderes hat ein Foto davon gemacht.<\/p>\n","protected":false},"featured_media":25994,"template":"","meta":{"_acf_changed":false},"product_brand":[],"product_cat":[658,660],"product_tag":[3841],"class_list":{"0":"post-26027","1":"product","2":"type-product","3":"status-publish","4":"has-post-thumbnail","6":"product_cat-neuheiten","7":"product_cat-t-shirts-de","8":"product_tag-blue-monday","9":"pa_gramatura-160-gr-m2-de","10":"pa_kolekcja-herbst-winter-2022","11":"pa_kolor-blau","12":"pa_kolor-gelb-blau","13":"pa_kroj-klassisch","14":"pa_material-100-polyester-de-3","15":"pa_nadruk-aufduck-auf-der-gesamten-oberflaeche","16":"pa_rozmiar-l-de","17":"pa_rozmiar-m-de-2","18":"pa_rozmiar-s-de","19":"pa_rozmiar-xl-de","20":"pa_rozmiar-xxl-de","21":"pa_rozmiar-xxxl-de","22":"feature-acab-de","23":"feature-fusballtrikot","25":"first","26":"instock","27":"taxable","28":"shipping-taxable","29":"purchasable","30":"product-type-variable"},"acf":[],"_links":{"self":[{"href":"https:\/\/pgwear.net\/de\/wp-json\/wp\/v2\/product\/26027","targetHints":{"allow":["GET"]}}],"collection":[{"href":"https:\/\/pgwear.net\/de\/wp-json\/wp\/v2\/product"}],"about":[{"href":"https:\/\/pgwear.net\/de\/wp-json\/wp\/v2\/types\/product"}],"wp:featuredmedia":[{"embeddable":true,"href":"https:\/\/pgwear.net\/de\/wp-json\/wp\/v2\/media\/25994"}],"wp:attachment":[{"href":"https:\/\/pgwear.net\/de\/wp-json\/wp\/v2\/media?parent=26027"}],"wp:term":[{"taxonomy":"product_brand","embeddable":true,"href":"https:\/\/pgwear.net\/de\/wp-json\/wp\/v2\/product_brand?post=26027"},{"taxonomy":"product_cat","embeddable":true,"href":"https:\/\/pgwear.net\/de\/wp-json\/wp\/v2\/product_cat?post=26027"},{"taxonomy":"product_tag","embeddable":true,"href":"https:\/\/pgwear.net\/de\/wp-json\/wp\/v2\/product_tag?post=26027"}],"curies":[{"name":"wp","href":"https:\/\/api.w.org\/{rel}","templated":true}]}}