{"id":26076,"date":"2022-07-11T11:32:03","date_gmt":"2022-07-11T09:32:03","guid":{"rendered":"https:\/\/pgwear.net\/?post_type=product&#038;p=26076"},"modified":"2026-03-31T13:03:38","modified_gmt":"2026-03-31T11:03:38","slug":"t-shirt-best-days","status":"publish","type":"product","link":"https:\/\/pgwear.net\/de\/p\/t-shirt-best-days\/","title":{"rendered":"T-shirt &#8220;Best Days&#8221;"},"content":{"rendered":"<p>Kennt ihr etwas Besseres als ein Ausw\u00e4rtsspiel am Wochenende? Nat\u00fcrlich nicht! Denn die besten Tage sind Ausw\u00e4rtsspieltage! Nehmt Bier und treue Freunde mit, steige gemeinsam in den Bus und macht euch bereit f\u00fcr Abenteuer! PGWEAR ULTRAS SHOP garantiert immer beste Qualit\u00e4t! Das Produkt wurde in Europa, in Polen von PGWEAR CUSTOMS hergestellt.<\/p>\n","protected":false},"excerpt":{"rendered":"<p>Kennt ihr etwas Besseres als ein Ausw\u00e4rtsspiel am Wochenende? Nat\u00fcrlich nicht!<\/p>\n","protected":false},"featured_media":26059,"template":"","meta":{"_acf_changed":false},"product_brand":[],"product_cat":[658,660],"product_tag":[],"class_list":{"0":"post-26076","1":"product","2":"type-product","3":"status-publish","4":"has-post-thumbnail","6":"product_cat-neuheiten","7":"product_cat-t-shirts-de","8":"pa_gramatura-180-gr-m2-de","9":"pa_kolekcja-herbst-winter-2022","10":"pa_kolor-marineblau","11":"pa_kroj-klassisch","12":"pa_material-100-baumwolle-de-2","13":"pa_nadruk-grosser-brustaufdruck","14":"pa_rozmiar-l-de","15":"pa_rozmiar-m-de-2","16":"pa_rozmiar-s-de","17":"pa_rozmiar-xl-de","18":"pa_rozmiar-xxl-de","19":"pa_rozmiar-xxxl-de","20":"feature-awayday-de","22":"first","23":"instock","24":"taxable","25":"shipping-taxable","26":"purchasable","27":"product-type-variable"},"acf":[],"_links":{"self":[{"href":"https:\/\/pgwear.net\/de\/wp-json\/wp\/v2\/product\/26076","targetHints":{"allow":["GET"]}}],"collection":[{"href":"https:\/\/pgwear.net\/de\/wp-json\/wp\/v2\/product"}],"about":[{"href":"https:\/\/pgwear.net\/de\/wp-json\/wp\/v2\/types\/product"}],"wp:featuredmedia":[{"embeddable":true,"href":"https:\/\/pgwear.net\/de\/wp-json\/wp\/v2\/media\/26059"}],"wp:attachment":[{"href":"https:\/\/pgwear.net\/de\/wp-json\/wp\/v2\/media?parent=26076"}],"wp:term":[{"taxonomy":"product_brand","embeddable":true,"href":"https:\/\/pgwear.net\/de\/wp-json\/wp\/v2\/product_brand?post=26076"},{"taxonomy":"product_cat","embeddable":true,"href":"https:\/\/pgwear.net\/de\/wp-json\/wp\/v2\/product_cat?post=26076"},{"taxonomy":"product_tag","embeddable":true,"href":"https:\/\/pgwear.net\/de\/wp-json\/wp\/v2\/product_tag?post=26076"}],"curies":[{"name":"wp","href":"https:\/\/api.w.org\/{rel}","templated":true}]}}