{"id":26217,"date":"2022-07-11T11:32:07","date_gmt":"2022-07-11T09:32:07","guid":{"rendered":"https:\/\/pgwear.net\/?post_type=product&#038;p=26217"},"modified":"2026-03-20T14:04:55","modified_gmt":"2026-03-20T13:04:55","slug":"t-shirt-no-football-without-alcohol","status":"publish","type":"product","link":"https:\/\/pgwear.net\/de\/p\/t-shirt-no-football-without-alcohol\/","title":{"rendered":"T-shirt &#8220;No Football Without Alcohol&#8221;"},"content":{"rendered":"<p>In der Fu\u00dfballkultur ist Alkohol nicht nur ein Getr\u00e4nk! Es ist verbunden mit abenteuerlichen Ausw\u00e4rtsspielen, Freude auf der Trib\u00fcne nach einem geschie\u00dfenen Tor, Treffen mit Kumpels in der Kneipe &#8230; Dieses T-Shirt zeigt allerlei Getr\u00e4nke und wie wichtig es ist, ein Teil von Fandom zu sein- wenn du hier bist, wirst du nie alleine trinken, egal f\u00fcr welches Getr\u00e4nk du dich entscheidest! PGWEAR ULTRAS SHOP garantiert immer beste Qualit\u00e4t! Das Produkt wurde in Europa, in Polen von PGWEAR CUSTOMS hergestellt.<\/p>\n","protected":false},"excerpt":{"rendered":"<p>In der Fu\u00dfballkultur ist Alkohol nicht nur ein Getr\u00e4nk! Es ist verbunden mit abenteuerlichen Ausw\u00e4rtsspielen, Freude auf der Trib\u00fcne nach einem geschie\u00dfenen Tor, Treffen mit Kumpels in der Kneipe &#8230; Dieses T-Shirt zeigt allerlei Getr\u00e4nke und wie wichtig es ist, ein Teil von Fandom zu sein- wenn du hier bist, wirst du nie alleine trinken, egal f\u00fcr welches Getr\u00e4nk du dich entscheidest!<\/p>\n","protected":false},"featured_media":26203,"template":"","meta":{"_acf_changed":false},"product_brand":[],"product_cat":[658,660],"product_tag":[],"class_list":{"0":"post-26217","1":"product","2":"type-product","3":"status-publish","4":"has-post-thumbnail","6":"product_cat-neuheiten","7":"product_cat-t-shirts-de","8":"pa_gramatura-180-gr-m2-de","9":"pa_kolekcja-herbst-winter-2022","10":"pa_kolor-grau","11":"pa_kroj-klassisch","12":"pa_material-100-baumwolle-de-2","13":"pa_nadruk-grosser-brustaufdruck","14":"pa_rozmiar-l-de","15":"pa_rozmiar-m-de-2","16":"pa_rozmiar-s-de","17":"pa_rozmiar-xl-de","18":"pa_rozmiar-xxl-de","19":"pa_rozmiar-xxxl-de","20":"feature-thema-bier","22":"first","23":"instock","24":"taxable","25":"shipping-taxable","26":"purchasable","27":"product-type-variable"},"acf":[],"_links":{"self":[{"href":"https:\/\/pgwear.net\/de\/wp-json\/wp\/v2\/product\/26217","targetHints":{"allow":["GET"]}}],"collection":[{"href":"https:\/\/pgwear.net\/de\/wp-json\/wp\/v2\/product"}],"about":[{"href":"https:\/\/pgwear.net\/de\/wp-json\/wp\/v2\/types\/product"}],"wp:featuredmedia":[{"embeddable":true,"href":"https:\/\/pgwear.net\/de\/wp-json\/wp\/v2\/media\/26203"}],"wp:attachment":[{"href":"https:\/\/pgwear.net\/de\/wp-json\/wp\/v2\/media?parent=26217"}],"wp:term":[{"taxonomy":"product_brand","embeddable":true,"href":"https:\/\/pgwear.net\/de\/wp-json\/wp\/v2\/product_brand?post=26217"},{"taxonomy":"product_cat","embeddable":true,"href":"https:\/\/pgwear.net\/de\/wp-json\/wp\/v2\/product_cat?post=26217"},{"taxonomy":"product_tag","embeddable":true,"href":"https:\/\/pgwear.net\/de\/wp-json\/wp\/v2\/product_tag?post=26217"}],"curies":[{"name":"wp","href":"https:\/\/api.w.org\/{rel}","templated":true}]}}