{"id":26249,"date":"2022-07-11T11:32:08","date_gmt":"2022-07-11T09:32:08","guid":{"rendered":"https:\/\/pgwear.net\/?post_type=product&#038;p=26249"},"modified":"2026-03-20T14:02:36","modified_gmt":"2026-03-20T13:02:36","slug":"t-shirt-we-love-this-game","status":"publish","type":"product","link":"https:\/\/pgwear.net\/de\/p\/t-shirt-we-love-this-game\/","title":{"rendered":"T-shirt &#8220;We love this game&#8221;"},"content":{"rendered":"<p>Manchmal gewinnen wir, manchmal verlieren wir. Egal, wie das Ergebnis ausf\u00e4llt, am Ende z\u00e4hlen vor allem die Abenteuer mit treuen Kumpels, die unz\u00e4hligen Kilometer zu Ausw\u00e4rtsspielen und all die unbezahlbaren Momente rund um den Fu\u00dfball! Wir lieben dieses Spiel! PGWEAR garantiert immer beste Qualit\u00e4t! Das Produkt wurde in Europa, in Polen von PGWEAR CUSTOMS hergestellt.<\/p>\n","protected":false},"excerpt":{"rendered":"<p>Manchmal gewinnen wir, manchmal verlieren wir. Egal, wie das Ergebnis ausf\u00e4llt, am Ende z\u00e4hlen vor allem die Abenteuer mit treuen Kumpels, die unz\u00e4hligen Kilometer zu Ausw\u00e4rtsspielen und all die unbezahlbaren Momente rund um den Fu\u00dfball!<\/p>\n","protected":false},"featured_media":26226,"template":"","meta":{"_acf_changed":false},"product_brand":[],"product_cat":[658,660],"product_tag":[3847],"class_list":{"0":"post-26249","1":"product","2":"type-product","3":"status-publish","4":"has-post-thumbnail","6":"product_cat-neuheiten","7":"product_cat-t-shirts-de","8":"product_tag-love","9":"pa_gramatura-180-gr-m2-de","10":"pa_kolekcja-herbst-winter-2022","11":"pa_kolor-marineblau","12":"pa_kroj-klassisch","13":"pa_material-100-baumwolle-de-2","14":"pa_nadruk-grosser-brustaufdruck","15":"pa_rozmiar-l-de","16":"pa_rozmiar-m-de-2","17":"pa_rozmiar-s-de","18":"pa_rozmiar-xl-de","19":"pa_rozmiar-xxl-de","20":"pa_rozmiar-xxxl-de","22":"first","23":"instock","24":"taxable","25":"shipping-taxable","26":"purchasable","27":"product-type-variable"},"acf":[],"_links":{"self":[{"href":"https:\/\/pgwear.net\/de\/wp-json\/wp\/v2\/product\/26249","targetHints":{"allow":["GET"]}}],"collection":[{"href":"https:\/\/pgwear.net\/de\/wp-json\/wp\/v2\/product"}],"about":[{"href":"https:\/\/pgwear.net\/de\/wp-json\/wp\/v2\/types\/product"}],"wp:featuredmedia":[{"embeddable":true,"href":"https:\/\/pgwear.net\/de\/wp-json\/wp\/v2\/media\/26226"}],"wp:attachment":[{"href":"https:\/\/pgwear.net\/de\/wp-json\/wp\/v2\/media?parent=26249"}],"wp:term":[{"taxonomy":"product_brand","embeddable":true,"href":"https:\/\/pgwear.net\/de\/wp-json\/wp\/v2\/product_brand?post=26249"},{"taxonomy":"product_cat","embeddable":true,"href":"https:\/\/pgwear.net\/de\/wp-json\/wp\/v2\/product_cat?post=26249"},{"taxonomy":"product_tag","embeddable":true,"href":"https:\/\/pgwear.net\/de\/wp-json\/wp\/v2\/product_tag?post=26249"}],"curies":[{"name":"wp","href":"https:\/\/api.w.org\/{rel}","templated":true}]}}