{"id":32589,"date":"2022-09-13T12:09:37","date_gmt":"2022-09-13T10:09:37","guid":{"rendered":"https:\/\/pgwear.net\/p\/t-shirt-13-12-day\/"},"modified":"2026-03-31T12:56:55","modified_gmt":"2026-03-31T10:56:55","slug":"aw22se-t-shirt-13-12-day","status":"publish","type":"product","link":"https:\/\/pgwear.net\/de\/p\/aw22se-t-shirt-13-12-day\/","title":{"rendered":"T-shirt &#8220;13.12 day&#8221;"},"content":{"rendered":"<p>F\u00fcr jeden Ultra, Hooligan oder Fu\u00dfballfanatiker gibt es einen Feind, der \u00fcber allen anderen steht, sogar die Fans der gegnerischen Fu\u00dfballmannschaft! Ja, das sind ACAB! PGWEAR feiert den Internationalen ACAB-Tag und hat dieses einzigartige T-Shirt kreiert, das nicht nur am 13.12, sondern jeden Tag oder zumindest an einem Spieltag stolz auf der Stra\u00dfe und im Stadion getragen werden muss!<\/p>\n","protected":false},"excerpt":{"rendered":"<p>F\u00fcr jeden Ultra, Hooligan oder Fu\u00dfballfanatiker gibt es einen Feind, der \u00fcber allen anderen steht, sogar die Fans der gegnerischen Fu\u00dfballmannschaft!<\/p>\n","protected":false},"featured_media":51980,"template":"","meta":{"_acf_changed":false},"product_brand":[],"product_cat":[658,660],"product_tag":[],"class_list":{"0":"post-32589","1":"product","2":"type-product","3":"status-publish","4":"has-post-thumbnail","6":"product_cat-neuheiten","7":"product_cat-t-shirts-de","8":"pa_gramatura-180-gr-m2-de","9":"pa_kolor-schwarz","10":"pa_kroj-klassisch","11":"pa_material-100-baumwolle-de-2","12":"pa_nadruk-aufdruck-links-auf-der-brust","13":"pa_nadruk-grosser-rueckenaufdruck","14":"pa_rozmiar-l-de","15":"pa_rozmiar-m-de-2","16":"pa_rozmiar-s-de","17":"pa_rozmiar-xl-de","18":"pa_rozmiar-xxl-de","19":"pa_rozmiar-xxxl-de","20":"feature-1312-de","21":"feature-burning-car-de","23":"first","24":"instock","25":"taxable","26":"shipping-taxable","27":"purchasable","28":"product-type-variable"},"acf":[],"_links":{"self":[{"href":"https:\/\/pgwear.net\/de\/wp-json\/wp\/v2\/product\/32589","targetHints":{"allow":["GET"]}}],"collection":[{"href":"https:\/\/pgwear.net\/de\/wp-json\/wp\/v2\/product"}],"about":[{"href":"https:\/\/pgwear.net\/de\/wp-json\/wp\/v2\/types\/product"}],"wp:featuredmedia":[{"embeddable":true,"href":"https:\/\/pgwear.net\/de\/wp-json\/wp\/v2\/media\/51980"}],"wp:attachment":[{"href":"https:\/\/pgwear.net\/de\/wp-json\/wp\/v2\/media?parent=32589"}],"wp:term":[{"taxonomy":"product_brand","embeddable":true,"href":"https:\/\/pgwear.net\/de\/wp-json\/wp\/v2\/product_brand?post=32589"},{"taxonomy":"product_cat","embeddable":true,"href":"https:\/\/pgwear.net\/de\/wp-json\/wp\/v2\/product_cat?post=32589"},{"taxonomy":"product_tag","embeddable":true,"href":"https:\/\/pgwear.net\/de\/wp-json\/wp\/v2\/product_tag?post=32589"}],"curies":[{"name":"wp","href":"https:\/\/api.w.org\/{rel}","templated":true}]}}