{"id":32612,"date":"2022-09-13T12:09:40","date_gmt":"2022-09-13T10:09:40","guid":{"rendered":"https:\/\/pgwear.net\/p\/full-face-kapuzenpullover-13-12-tag\/"},"modified":"2026-03-20T16:54:36","modified_gmt":"2026-03-20T15:54:36","slug":"aw22se-full-face-hoodie-13-12-day","status":"publish","type":"product","link":"https:\/\/pgwear.net\/de\/p\/aw22se-full-face-hoodie-13-12-day\/","title":{"rendered":"Full Face Kapuzenpullover &#8220;13.12 Tag&#8221;"},"content":{"rendered":"<p>F\u00fcr jeden Ultra, Hooligan oder Fu\u00dfballfanatiker gibt es einen Feind, der \u00fcber allen anderen steht, sogar die Fans der gegnerischen Fu\u00dfballmannschaft! Ja, das sind ACAB! PGWEAR feiert den Internationalen ACAB-Tag und hat dieses einzigartige Kapuzenpullover kreiert, das nicht nur am 13.12, sondern jeden Tag oder zumindest an einem Spieltag stolz auf der Stra\u00dfe und im Stadion getragen werden muss!<\/p>\n","protected":false},"excerpt":{"rendered":"<p>F\u00fcr jeden Ultra, Hooligan oder Fu\u00dfballfanatiker gibt es einen Feind, der \u00fcber allen anderen steht, sogar die Fans der gegnerischen Fu\u00dfballmannschaft!<\/p>\n","protected":false},"featured_media":51995,"template":"","meta":{"_acf_changed":false},"product_brand":[],"product_cat":[3561,3563,658,610],"product_tag":[],"class_list":{"0":"post-32612","1":"product","2":"type-product","3":"status-publish","4":"has-post-thumbnail","6":"product_cat-kapuzenpullover","7":"product_cat-kapuzenpullover-mit-sturmhaube","8":"product_cat-neuheiten","9":"product_cat-sweatshirts","10":"pa_gramatura-340-gr-m2-de","11":"pa_kolor-schwarz","12":"pa_kroj-klassisch","13":"pa_material-100-baumwolle-de-2","14":"pa_nadruk-aufdruck-links-auf-der-brust","15":"pa_nadruk-grosser-rueckenaufdruck","16":"pa_rozmiar-l-de","17":"pa_rozmiar-m-de-2","18":"pa_rozmiar-s-de","19":"pa_rozmiar-xl-de","20":"pa_rozmiar-xxl-de","21":"pa_rozmiar-xxxl-de","22":"feature-1312-de","23":"feature-burning-car-de","25":"first","26":"instock","27":"taxable","28":"shipping-taxable","29":"purchasable","30":"product-type-variable"},"acf":[],"_links":{"self":[{"href":"https:\/\/pgwear.net\/de\/wp-json\/wp\/v2\/product\/32612","targetHints":{"allow":["GET"]}}],"collection":[{"href":"https:\/\/pgwear.net\/de\/wp-json\/wp\/v2\/product"}],"about":[{"href":"https:\/\/pgwear.net\/de\/wp-json\/wp\/v2\/types\/product"}],"wp:featuredmedia":[{"embeddable":true,"href":"https:\/\/pgwear.net\/de\/wp-json\/wp\/v2\/media\/51995"}],"wp:attachment":[{"href":"https:\/\/pgwear.net\/de\/wp-json\/wp\/v2\/media?parent=32612"}],"wp:term":[{"taxonomy":"product_brand","embeddable":true,"href":"https:\/\/pgwear.net\/de\/wp-json\/wp\/v2\/product_brand?post=32612"},{"taxonomy":"product_cat","embeddable":true,"href":"https:\/\/pgwear.net\/de\/wp-json\/wp\/v2\/product_cat?post=32612"},{"taxonomy":"product_tag","embeddable":true,"href":"https:\/\/pgwear.net\/de\/wp-json\/wp\/v2\/product_tag?post=32612"}],"curies":[{"name":"wp","href":"https:\/\/api.w.org\/{rel}","templated":true}]}}