{"id":34543,"date":"2022-09-23T10:47:58","date_gmt":"2022-09-23T08:47:58","guid":{"rendered":"https:\/\/pgwear.net\/p\/wendejacke-chameleon-schwarz-gelb\/"},"modified":"2026-03-18T20:19:48","modified_gmt":"2026-03-18T19:19:48","slug":"aw22se-wendejacke-chameleon-sg","status":"publish","type":"product","link":"https:\/\/pgwear.net\/de\/p\/aw22se-wendejacke-chameleon-sg\/","title":{"rendered":"Wendejacke &#8220;Chameleon&#8221; Schwarz\/Gelb"},"content":{"rendered":"<p>Hast du jemals dar\u00fcber nachgedacht, die gleiche <a href=\"https:\/\/pgwear.net\/de\/c\/jacken\/\">Jacke<\/a> zu haben, die zu jeder Gelegenheit sowohl auf der Stra\u00dfe als auch im Stadion passen wird? Mit PGWEAR <a href=\"https:\/\/pgwear.net\/de\/feature\/wendekleidung\/\">Wendejacken<\/a> ist das jetzt m\u00f6glich! Du kannst eine Jackenseite im Pub mit Freunden, bei einem Date oder Abendessen mit der Familie tragen! Aber wenn du die andere Seite anziehst, bist du bereit, die Ultras-Trib\u00fcne in den Farben deines Teams zu betreten! W\u00e4hle eine aus drei Farbvarianten und trage diese Jacke stolz \u00fcberall!<\/p>\n","protected":false},"excerpt":{"rendered":"<p>Hast du jemals dar\u00fcber nachgedacht, die gleiche Jacke zu haben, die zu jeder Gelegenheit sowohl auf der Stra\u00dfe als auch im Stadion passen wird? Mit PGWEAR Wendejacken ist das jetzt m\u00f6glich! Du kannst eine Jackenseite im Pub mit Freunden, bei einem Date oder Abendessen mit der Familie tragen! Aber wenn du die andere Seite anziehst, bist du bereit, die Ultras-Trib\u00fcne in den Farben deines Teams zu betreten! W\u00e4hle eine aus drei Farbvarianten und trage diese Jacke stolz \u00fcberall!<\/p>\n","protected":false},"featured_media":59176,"template":"","meta":{"_acf_changed":false},"product_brand":[],"product_cat":[3583,656,3585,658],"product_tag":[3279],"class_list":{"0":"post-34543","1":"product","2":"type-product","3":"status-publish","4":"has-post-thumbnail","6":"product_cat-doppelseitige-jacken","7":"product_cat-jacken","8":"product_cat-leichte-jacken","9":"product_cat-neuheiten","10":"product_tag-letzte-chance","11":"pa_gramatura-120-gr-m2-de","12":"pa_kolekcja-herbst-winter-2022","13":"pa_kolor-schwarz","14":"pa_kroj-klassisch","15":"pa_material-100-polyester-de-3","16":"pa_rozmiar-l-de","17":"pa_rozmiar-m-de-2","18":"pa_rozmiar-s-de","19":"pa_rozmiar-xl-de","20":"pa_rozmiar-xxl-de","21":"pa_rozmiar-xxxl-de","22":"feature-wendekleidung","24":"first","25":"instock","26":"sale","27":"taxable","28":"shipping-taxable","29":"purchasable","30":"product-type-variable"},"acf":[],"_links":{"self":[{"href":"https:\/\/pgwear.net\/de\/wp-json\/wp\/v2\/product\/34543","targetHints":{"allow":["GET"]}}],"collection":[{"href":"https:\/\/pgwear.net\/de\/wp-json\/wp\/v2\/product"}],"about":[{"href":"https:\/\/pgwear.net\/de\/wp-json\/wp\/v2\/types\/product"}],"wp:featuredmedia":[{"embeddable":true,"href":"https:\/\/pgwear.net\/de\/wp-json\/wp\/v2\/media\/59176"}],"wp:attachment":[{"href":"https:\/\/pgwear.net\/de\/wp-json\/wp\/v2\/media?parent=34543"}],"wp:term":[{"taxonomy":"product_brand","embeddable":true,"href":"https:\/\/pgwear.net\/de\/wp-json\/wp\/v2\/product_brand?post=34543"},{"taxonomy":"product_cat","embeddable":true,"href":"https:\/\/pgwear.net\/de\/wp-json\/wp\/v2\/product_cat?post=34543"},{"taxonomy":"product_tag","embeddable":true,"href":"https:\/\/pgwear.net\/de\/wp-json\/wp\/v2\/product_tag?post=34543"}],"curies":[{"name":"wp","href":"https:\/\/api.w.org\/{rel}","templated":true}]}}