{"id":34784,"date":"2022-09-22T11:27:42","date_gmt":"2022-09-22T09:27:42","guid":{"rendered":"https:\/\/pgwear.net\/p\/retro-jacke-pete-navy-yellow\/"},"modified":"2026-04-20T12:37:14","modified_gmt":"2026-04-20T10:37:14","slug":"ss23-retro-jacke-pete-navy-yellow","status":"publish","type":"product","link":"https:\/\/pgwear.net\/de\/p\/ss23-retro-jacke-pete-navy-yellow\/","title":{"rendered":"Retro Jacke &#8220;Pete&#8221; Marineblau\/Gelb"},"content":{"rendered":"<p>PGWEAR liebt Retro-Trainingsjacken! Aber wir wissen, dass ihr auch! Denn diese Art von Kleidung ist unter Fu\u00dfballfans zu einem unersetzlichen Bestandteil der Garderobe geworden! Von den 80ern bis heute l\u00e4sst diese Trainingsjacke jeden auf der Stra\u00dfe und im Stadion stylisch und cool aussehen! Finde deine Lieblingsfarbe aus f\u00fcnf verf\u00fcgbaren!<\/p>\n","protected":false},"excerpt":{"rendered":"<p>PGWEAR liebt Retro-Trainingsjacken! Aber wir wissen, dass ihr auch! Denn diese Art von Kleidung ist unter Fu\u00dfballfans zu einem unersetzlichen Bestandteil der Garderobe geworden!<\/p>\n","protected":false},"featured_media":57923,"template":"","meta":{"_acf_changed":false},"product_brand":[],"product_cat":[658,610,3565],"product_tag":[1865,2127,2839],"class_list":{"0":"post-34784","1":"product","2":"type-product","3":"status-publish","4":"has-post-thumbnail","6":"product_cat-neuheiten","7":"product_cat-sweatshirts","8":"product_cat-trainingsjacken","9":"product_tag-fruhling-sommer-2023","10":"product_tag-retro-de","11":"product_tag-sale-de","12":"pa_gramatura-280-gr-m2-de","13":"pa_kolekcja-fruhling-sommer-2023","14":"pa_kolor-marineblau","15":"pa_kroj-klassisch","16":"pa_material-100-polyester-de-3","17":"pa_rozmiar-l-de","18":"pa_rozmiar-m-de-2","19":"pa_rozmiar-s-de","20":"pa_rozmiar-xl-de","21":"pa_rozmiar-xxl-de","22":"pa_rozmiar-xxxl-de","24":"first","25":"instock","26":"taxable","27":"shipping-taxable","28":"purchasable","29":"product-type-variable"},"acf":[],"_links":{"self":[{"href":"https:\/\/pgwear.net\/de\/wp-json\/wp\/v2\/product\/34784","targetHints":{"allow":["GET"]}}],"collection":[{"href":"https:\/\/pgwear.net\/de\/wp-json\/wp\/v2\/product"}],"about":[{"href":"https:\/\/pgwear.net\/de\/wp-json\/wp\/v2\/types\/product"}],"wp:featuredmedia":[{"embeddable":true,"href":"https:\/\/pgwear.net\/de\/wp-json\/wp\/v2\/media\/57923"}],"wp:attachment":[{"href":"https:\/\/pgwear.net\/de\/wp-json\/wp\/v2\/media?parent=34784"}],"wp:term":[{"taxonomy":"product_brand","embeddable":true,"href":"https:\/\/pgwear.net\/de\/wp-json\/wp\/v2\/product_brand?post=34784"},{"taxonomy":"product_cat","embeddable":true,"href":"https:\/\/pgwear.net\/de\/wp-json\/wp\/v2\/product_cat?post=34784"},{"taxonomy":"product_tag","embeddable":true,"href":"https:\/\/pgwear.net\/de\/wp-json\/wp\/v2\/product_tag?post=34784"}],"curies":[{"name":"wp","href":"https:\/\/api.w.org\/{rel}","templated":true}]}}