{"id":34813,"date":"2022-09-22T11:27:40","date_gmt":"2022-09-22T09:27:40","guid":{"rendered":"https:\/\/pgwear.net\/p\/sweatshirt-eric-navy\/"},"modified":"2026-02-04T14:15:08","modified_gmt":"2026-02-04T13:15:08","slug":"ss23-sweatshirt-eric-navy","status":"publish","type":"product","link":"https:\/\/pgwear.net\/de\/p\/ss23-sweatshirt-eric-navy\/","title":{"rendered":"Sweatshirt &#8220;Eric&#8221; Marineblau"},"content":{"rendered":"<p>F\u00fcr k\u00e4ltere Abende mit treuen Freunden in der Kneipe oder f\u00fcr ein l\u00e4ngeres Ausw\u00e4rtsspiel. Dieses minimalistische Bekleidungselement passt zu jeder Art von Outfit, egal ob du zu Hause oder ausw\u00e4rts, auf der Stra\u00dfe oder im Stadion bist! Nimm das Sweatshirt ERIC \u00fcberall mit hin! Das Produkt ist in zwei Farben erh\u00e4ltlich!<\/p>\n","protected":false},"excerpt":{"rendered":"<p>F\u00fcr k\u00e4ltere Abende mit treuen Freunden in der Kneipe oder f\u00fcr ein l\u00e4ngeres Ausw\u00e4rtsspiel.<\/p>\n","protected":false},"featured_media":57865,"template":"","meta":{"_acf_changed":false},"product_brand":[],"product_cat":[658,3559,610],"product_tag":[3841,1865,3279,2839],"class_list":{"0":"post-34813","1":"product","2":"type-product","3":"status-publish","4":"has-post-thumbnail","6":"product_cat-neuheiten","7":"product_cat-sweatshirts-de","8":"product_cat-sweatshirts","9":"product_tag-blue-monday","10":"product_tag-fruhling-sommer-2023","11":"product_tag-letzte-chance","12":"product_tag-sale-de","13":"pa_gramatura-290-gr-m2-de","14":"pa_kolekcja-fruhling-sommer-2023","15":"pa_kolor-marineblau","16":"pa_kroj-klassisch","17":"pa_material-100-baumwolle-de-2","18":"pa_rozmiar-l-de","19":"pa_rozmiar-m-de-2","20":"pa_rozmiar-s-de","21":"pa_rozmiar-xl-de","22":"pa_rozmiar-xxl-de","23":"pa_rozmiar-xxxl-de","25":"first","26":"outofstock","27":"taxable","28":"shipping-taxable","29":"product-type-variable"},"acf":[],"_links":{"self":[{"href":"https:\/\/pgwear.net\/de\/wp-json\/wp\/v2\/product\/34813","targetHints":{"allow":["GET"]}}],"collection":[{"href":"https:\/\/pgwear.net\/de\/wp-json\/wp\/v2\/product"}],"about":[{"href":"https:\/\/pgwear.net\/de\/wp-json\/wp\/v2\/types\/product"}],"wp:featuredmedia":[{"embeddable":true,"href":"https:\/\/pgwear.net\/de\/wp-json\/wp\/v2\/media\/57865"}],"wp:attachment":[{"href":"https:\/\/pgwear.net\/de\/wp-json\/wp\/v2\/media?parent=34813"}],"wp:term":[{"taxonomy":"product_brand","embeddable":true,"href":"https:\/\/pgwear.net\/de\/wp-json\/wp\/v2\/product_brand?post=34813"},{"taxonomy":"product_cat","embeddable":true,"href":"https:\/\/pgwear.net\/de\/wp-json\/wp\/v2\/product_cat?post=34813"},{"taxonomy":"product_tag","embeddable":true,"href":"https:\/\/pgwear.net\/de\/wp-json\/wp\/v2\/product_tag?post=34813"}],"curies":[{"name":"wp","href":"https:\/\/api.w.org\/{rel}","templated":true}]}}