{"id":34830,"date":"2022-09-22T11:27:39","date_gmt":"2022-09-22T09:27:39","guid":{"rendered":"https:\/\/pgwear.net\/p\/poloshirt-pique-black\/"},"modified":"2026-02-24T14:33:19","modified_gmt":"2026-02-24T13:33:19","slug":"ss23-poloshirt-pique-black","status":"publish","type":"product","link":"https:\/\/pgwear.net\/de\/p\/ss23-poloshirt-pique-black\/","title":{"rendered":"Poloshirt &#8220;Pique&#8221; Schwarz"},"content":{"rendered":"<p>Die Ikone der Casual-Klassiker von den 80ern bis heute \u2013 das Poloshirt! Verziert mit dem PGWEAR-Logo ist es ein perfektes St\u00fcck f\u00fcr die Garderobe jedes Fu\u00dfballfans, das auf der Stra\u00dfe, im Stadion und \u00fcberall sonst getragen werden kann! Erh\u00e4ltlich in zwei Farbversionen.<\/p>\n","protected":false},"excerpt":{"rendered":"<p>Die Ikone der Casual-Klassiker von den 80ern bis heute &#8211; ein Poloshirt!!!<\/p>\n","protected":false},"featured_media":57818,"template":"","meta":{"_acf_changed":false},"product_brand":[],"product_cat":[658,664],"product_tag":[3279],"class_list":{"0":"post-34830","1":"product","2":"type-product","3":"status-publish","4":"has-post-thumbnail","6":"product_cat-neuheiten","7":"product_cat-poloshirts","8":"product_tag-letzte-chance","9":"pa_gramatura-210-gr-m2-de","10":"pa_kolekcja-fruhling-sommer-2023","11":"pa_kolor-schwarz","12":"pa_kroj-klassisch","13":"pa_material-100-baumwolle-de-2","14":"pa_rozmiar-l-de","15":"pa_rozmiar-m-de-2","16":"pa_rozmiar-s-de","17":"pa_rozmiar-xl-de","18":"pa_rozmiar-xxl-de","19":"pa_rozmiar-xxxl-de","21":"first","22":"outofstock","23":"taxable","24":"shipping-taxable","25":"product-type-variable"},"acf":[],"_links":{"self":[{"href":"https:\/\/pgwear.net\/de\/wp-json\/wp\/v2\/product\/34830","targetHints":{"allow":["GET"]}}],"collection":[{"href":"https:\/\/pgwear.net\/de\/wp-json\/wp\/v2\/product"}],"about":[{"href":"https:\/\/pgwear.net\/de\/wp-json\/wp\/v2\/types\/product"}],"wp:featuredmedia":[{"embeddable":true,"href":"https:\/\/pgwear.net\/de\/wp-json\/wp\/v2\/media\/57818"}],"wp:attachment":[{"href":"https:\/\/pgwear.net\/de\/wp-json\/wp\/v2\/media?parent=34830"}],"wp:term":[{"taxonomy":"product_brand","embeddable":true,"href":"https:\/\/pgwear.net\/de\/wp-json\/wp\/v2\/product_brand?post=34830"},{"taxonomy":"product_cat","embeddable":true,"href":"https:\/\/pgwear.net\/de\/wp-json\/wp\/v2\/product_cat?post=34830"},{"taxonomy":"product_tag","embeddable":true,"href":"https:\/\/pgwear.net\/de\/wp-json\/wp\/v2\/product_tag?post=34830"}],"curies":[{"name":"wp","href":"https:\/\/api.w.org\/{rel}","templated":true}]}}