{"id":34858,"date":"2022-09-22T11:27:37","date_gmt":"2022-09-22T09:27:37","guid":{"rendered":"https:\/\/pgwear.net\/p\/t-shirt-religion\/"},"modified":"2026-03-09T17:17:30","modified_gmt":"2026-03-09T16:17:30","slug":"ss23-t-shirt-religion","status":"publish","type":"product","link":"https:\/\/pgwear.net\/de\/p\/ss23-t-shirt-religion\/","title":{"rendered":"T-shirt &#8220;Religion&#8221;"},"content":{"rendered":"<p>Fu\u00dfball ist unsere Religion! Stadion ist unsere Kirche! Das sind Ideen, die alle Ultras, Hooligans und Fu\u00dfballfans gemeinsam halten! Sie wurden perfekt auf dem T-Shirt RELIGION von PGWEAR ULTRAS SHOP pr\u00e4sentiert- in Form eines bunten Ultra-Aufdruckes! Verbreite die heiligen Ideen des Fu\u00dfballs stolz auf den Trib\u00fcnen!<\/p>\n","protected":false},"excerpt":{"rendered":"<p>Fu\u00dfball ist unsere Religion! Stadion ist unsere Kirche! Das sind Ideen, die alle Ultras, Hooligans und Fu\u00dfballfans gemeinsam halten!<\/p>\n","protected":false},"featured_media":57774,"template":"","meta":{"_acf_changed":false},"product_brand":[],"product_cat":[658,660],"product_tag":[3841,3279],"class_list":{"0":"post-34858","1":"product","2":"type-product","3":"status-publish","4":"has-post-thumbnail","6":"product_cat-neuheiten","7":"product_cat-t-shirts-de","8":"product_tag-blue-monday","9":"product_tag-letzte-chance","10":"pa_gramatura-180-gr-m2-de","11":"pa_kolekcja-fruhling-sommer-2023","12":"pa_kolor-schwarz","13":"pa_kroj-klassisch","14":"pa_material-100-baumwolle-de-2","15":"pa_nadruk-grosser-brustaufdruck","16":"pa_rozmiar-l-de","17":"pa_rozmiar-m-de-2","18":"pa_rozmiar-s-de","19":"pa_rozmiar-xl-de","20":"pa_rozmiar-xxl-de","21":"pa_rozmiar-xxxl-de","22":"feature-ball-thema","23":"feature-religion-de","25":"first","26":"instock","27":"sale","28":"taxable","29":"shipping-taxable","30":"purchasable","31":"product-type-variable"},"acf":[],"_links":{"self":[{"href":"https:\/\/pgwear.net\/de\/wp-json\/wp\/v2\/product\/34858","targetHints":{"allow":["GET"]}}],"collection":[{"href":"https:\/\/pgwear.net\/de\/wp-json\/wp\/v2\/product"}],"about":[{"href":"https:\/\/pgwear.net\/de\/wp-json\/wp\/v2\/types\/product"}],"wp:featuredmedia":[{"embeddable":true,"href":"https:\/\/pgwear.net\/de\/wp-json\/wp\/v2\/media\/57774"}],"wp:attachment":[{"href":"https:\/\/pgwear.net\/de\/wp-json\/wp\/v2\/media?parent=34858"}],"wp:term":[{"taxonomy":"product_brand","embeddable":true,"href":"https:\/\/pgwear.net\/de\/wp-json\/wp\/v2\/product_brand?post=34858"},{"taxonomy":"product_cat","embeddable":true,"href":"https:\/\/pgwear.net\/de\/wp-json\/wp\/v2\/product_cat?post=34858"},{"taxonomy":"product_tag","embeddable":true,"href":"https:\/\/pgwear.net\/de\/wp-json\/wp\/v2\/product_tag?post=34858"}],"curies":[{"name":"wp","href":"https:\/\/api.w.org\/{rel}","templated":true}]}}