{"id":34936,"date":"2022-09-22T11:27:32","date_gmt":"2022-09-22T09:27:32","guid":{"rendered":"https:\/\/pgwear.net\/p\/t-shirt-dont-stop-it-black\/"},"modified":"2026-03-31T12:56:38","modified_gmt":"2026-03-31T10:56:38","slug":"ss23-t-shirt-dont-stop-it-black","status":"publish","type":"product","link":"https:\/\/pgwear.net\/de\/p\/ss23-t-shirt-dont-stop-it-black\/","title":{"rendered":"T-shirt &#8220;Don&#8217;t Stop It&#8221; Schwarz"},"content":{"rendered":"<p>Dieses T-Shirt wurde auf der R\u00fcckseite mit einem gro\u00dfen, farbenfrohen PGWEAR-Aufdruck im Ultra-Stil verziert, der das Old-School-Stadion und eine Menge Fu\u00dfballfans darstellt. Egal, wie deine Mannschaft spielt und egal, wo du bist, ob bei <a href=\"https:\/\/pgwear.net\/de\/feature\/awayday-de\/\">einem Ausw\u00e4rtsspiel<\/a> oder zu Hause &#8211; h\u00f6r NIE AUF, sie zu verfolgen! W\u00e4hle dieses T-Shirt in Schwarz oder Wei\u00df!<\/p>\n","protected":false},"excerpt":{"rendered":"<p>Dieses T-Shirt wurde auf der R\u00fcckseite mit einem gro\u00dfen, farbenfrohen PGWEAR-Aufdruck im Ultra-Stil verziert, der das Old-School-Stadion und eine Menge Fu\u00dfballfans darstellt.<\/p>\n","protected":false},"featured_media":57715,"template":"","meta":{"_acf_changed":false},"product_brand":[],"product_cat":[658,660],"product_tag":[],"class_list":{"0":"post-34936","1":"product","2":"type-product","3":"status-publish","4":"has-post-thumbnail","6":"product_cat-neuheiten","7":"product_cat-t-shirts-de","8":"pa_gramatura-180-gr-m2-de","9":"pa_kolekcja-fruhling-sommer-2023","10":"pa_kolor-schwarz","11":"pa_kroj-klassisch","12":"pa_material-100-baumwolle-de-2","13":"pa_nadruk-brustaufdruck","14":"pa_nadruk-grosser-rueckenaufdruck","15":"pa_rozmiar-l-de","16":"pa_rozmiar-m-de-2","17":"pa_rozmiar-s-de","18":"pa_rozmiar-xl-de","19":"pa_rozmiar-xxl-de","20":"pa_rozmiar-xxxl-de","22":"first","23":"instock","24":"taxable","25":"shipping-taxable","26":"purchasable","27":"product-type-variable"},"acf":[],"_links":{"self":[{"href":"https:\/\/pgwear.net\/de\/wp-json\/wp\/v2\/product\/34936","targetHints":{"allow":["GET"]}}],"collection":[{"href":"https:\/\/pgwear.net\/de\/wp-json\/wp\/v2\/product"}],"about":[{"href":"https:\/\/pgwear.net\/de\/wp-json\/wp\/v2\/types\/product"}],"wp:featuredmedia":[{"embeddable":true,"href":"https:\/\/pgwear.net\/de\/wp-json\/wp\/v2\/media\/57715"}],"wp:attachment":[{"href":"https:\/\/pgwear.net\/de\/wp-json\/wp\/v2\/media?parent=34936"}],"wp:term":[{"taxonomy":"product_brand","embeddable":true,"href":"https:\/\/pgwear.net\/de\/wp-json\/wp\/v2\/product_brand?post=34936"},{"taxonomy":"product_cat","embeddable":true,"href":"https:\/\/pgwear.net\/de\/wp-json\/wp\/v2\/product_cat?post=34936"},{"taxonomy":"product_tag","embeddable":true,"href":"https:\/\/pgwear.net\/de\/wp-json\/wp\/v2\/product_tag?post=34936"}],"curies":[{"name":"wp","href":"https:\/\/api.w.org\/{rel}","templated":true}]}}