{"id":35013,"date":"2022-09-22T11:27:23","date_gmt":"2022-09-22T09:27:23","guid":{"rendered":"https:\/\/pgwear.net\/p\/t-shirt-cheers-black\/"},"modified":"2026-03-20T14:01:21","modified_gmt":"2026-03-20T13:01:21","slug":"ss23-t-shirt-cheers-black","status":"publish","type":"product","link":"https:\/\/pgwear.net\/de\/p\/ss23-t-shirt-cheers-black\/","title":{"rendered":"T-shirt &#8220;Cheers!&#8221; Schwarz"},"content":{"rendered":"<p>Die gro\u00dfe Anzahl von PGWEAR-Fans wird zustimmen, dass ein Bier zu einem wichtigen Symbol im Lebne eines Fu\u00dfballfans geworden ist. Deshalb widmen wir das T-Shirt Cheers diesem Getr\u00e4nk! Trinke es nicht verantwortungsbewusst \u2013 trinke es frei und genie\u00dfe es, egal wo du bist, auf der Stra\u00dfe, im Stadion und in der Kneipe! Prost!<\/p>\n","protected":false},"excerpt":{"rendered":"<p>Die gro\u00dfe Anzahl von PGWEAR-Fans wird zustimmen, dass ein Bier zu einem wichtigen Symbol im Lebne eines Fu\u00dfballfans geworden ist.<\/p>\n","protected":false},"featured_media":57529,"template":"","meta":{"_acf_changed":false},"product_brand":[],"product_cat":[658,660],"product_tag":[],"class_list":{"0":"post-35013","1":"product","2":"type-product","3":"status-publish","4":"has-post-thumbnail","6":"product_cat-neuheiten","7":"product_cat-t-shirts-de","8":"pa_gramatura-180-gr-m2-de","9":"pa_kolekcja-fruhling-sommer-2023","10":"pa_kolor-schwarz","11":"pa_kroj-klassisch","12":"pa_material-100-baumwolle-de-2","13":"pa_nadruk-grosser-brustaufdruck","14":"pa_rozmiar-l-de","15":"pa_rozmiar-m-de-2","16":"pa_rozmiar-s-de","17":"pa_rozmiar-xl-de","18":"pa_rozmiar-xxl-de","19":"pa_rozmiar-xxxl-de","20":"feature-balaclava-motiv","21":"feature-thema-bier","23":"first","24":"instock","25":"taxable","26":"shipping-taxable","27":"purchasable","28":"product-type-variable"},"acf":[],"_links":{"self":[{"href":"https:\/\/pgwear.net\/de\/wp-json\/wp\/v2\/product\/35013","targetHints":{"allow":["GET"]}}],"collection":[{"href":"https:\/\/pgwear.net\/de\/wp-json\/wp\/v2\/product"}],"about":[{"href":"https:\/\/pgwear.net\/de\/wp-json\/wp\/v2\/types\/product"}],"wp:featuredmedia":[{"embeddable":true,"href":"https:\/\/pgwear.net\/de\/wp-json\/wp\/v2\/media\/57529"}],"wp:attachment":[{"href":"https:\/\/pgwear.net\/de\/wp-json\/wp\/v2\/media?parent=35013"}],"wp:term":[{"taxonomy":"product_brand","embeddable":true,"href":"https:\/\/pgwear.net\/de\/wp-json\/wp\/v2\/product_brand?post=35013"},{"taxonomy":"product_cat","embeddable":true,"href":"https:\/\/pgwear.net\/de\/wp-json\/wp\/v2\/product_cat?post=35013"},{"taxonomy":"product_tag","embeddable":true,"href":"https:\/\/pgwear.net\/de\/wp-json\/wp\/v2\/product_tag?post=35013"}],"curies":[{"name":"wp","href":"https:\/\/api.w.org\/{rel}","templated":true}]}}