{"id":35058,"date":"2022-09-22T11:27:17","date_gmt":"2022-09-22T09:27:17","guid":{"rendered":"https:\/\/pgwear.net\/p\/t-shirt-cats-black\/"},"modified":"2026-03-06T12:11:57","modified_gmt":"2026-03-06T11:11:57","slug":"ss23-t-shirt-cats-black","status":"publish","type":"product","link":"https:\/\/pgwear.net\/de\/p\/ss23-t-shirt-cats-black\/","title":{"rendered":"T-shirt &#8220;Cats&#8221; Schwarz"},"content":{"rendered":"<p>Humorvolles PGWEAR-Design verbirgt die tiefere Bedeutung! Auf den Trib\u00fcnen der ganzen Welt ist er bei Ultras, Hooligans und Fu\u00dfballfanatikern bestens bekannt! Verbreite die Botschaft stolz und bleib sicher auf der Stra\u00dfe und im Stadion! Erh\u00e4ltlich in zwei Farbvarianten!<\/p>\n","protected":false},"excerpt":{"rendered":"<p>Humorvolles PGWEAR-Design verbirgt die tiefere Bedeutung! Auf den Trib\u00fcnen der ganzen Welt ist er bei Ultras, Hooligans und Fu\u00dfballfanatikern bestens bekannt!<\/p>\n","protected":false},"featured_media":57466,"template":"","meta":{"_acf_changed":false},"product_brand":[],"product_cat":[658,660],"product_tag":[3279],"class_list":{"0":"post-35058","1":"product","2":"type-product","3":"status-publish","4":"has-post-thumbnail","6":"product_cat-neuheiten","7":"product_cat-t-shirts-de","8":"product_tag-letzte-chance","9":"pa_gramatura-180-gr-m2-de","10":"pa_kolekcja-fruhling-sommer-2023","11":"pa_kolor-schwarz","12":"pa_kroj-klassisch","13":"pa_material-100-baumwolle-de-2","14":"pa_nadruk-grosser-brustaufdruck","15":"pa_rozmiar-l-de","16":"pa_rozmiar-m-de-2","17":"pa_rozmiar-s-de","18":"pa_rozmiar-xl-de","19":"pa_rozmiar-xxl-de","20":"pa_rozmiar-xxxl-de","21":"feature-all-cats-are-beautiful-de","23":"first","24":"outofstock","25":"taxable","26":"shipping-taxable","27":"product-type-variable"},"acf":[],"_links":{"self":[{"href":"https:\/\/pgwear.net\/de\/wp-json\/wp\/v2\/product\/35058","targetHints":{"allow":["GET"]}}],"collection":[{"href":"https:\/\/pgwear.net\/de\/wp-json\/wp\/v2\/product"}],"about":[{"href":"https:\/\/pgwear.net\/de\/wp-json\/wp\/v2\/types\/product"}],"wp:featuredmedia":[{"embeddable":true,"href":"https:\/\/pgwear.net\/de\/wp-json\/wp\/v2\/media\/57466"}],"wp:attachment":[{"href":"https:\/\/pgwear.net\/de\/wp-json\/wp\/v2\/media?parent=35058"}],"wp:term":[{"taxonomy":"product_brand","embeddable":true,"href":"https:\/\/pgwear.net\/de\/wp-json\/wp\/v2\/product_brand?post=35058"},{"taxonomy":"product_cat","embeddable":true,"href":"https:\/\/pgwear.net\/de\/wp-json\/wp\/v2\/product_cat?post=35058"},{"taxonomy":"product_tag","embeddable":true,"href":"https:\/\/pgwear.net\/de\/wp-json\/wp\/v2\/product_tag?post=35058"}],"curies":[{"name":"wp","href":"https:\/\/api.w.org\/{rel}","templated":true}]}}