{"id":35095,"date":"2022-09-22T11:27:15","date_gmt":"2022-09-22T09:27:15","guid":{"rendered":"https:\/\/pgwear.net\/p\/t-shirt-roger-navy\/"},"modified":"2026-03-20T13:51:56","modified_gmt":"2026-03-20T12:51:56","slug":"ss23-t-shirt-roger-navy","status":"publish","type":"product","link":"https:\/\/pgwear.net\/de\/p\/ss23-t-shirt-roger-navy\/","title":{"rendered":"T-shirt &#8220;Roger&#8221; Marineblau"},"content":{"rendered":"<p>Stelle mit PGWEAR deine eigene Basic-Garderobe zusammen! L\u00e4ssiges, absolut minimalistisches T-Shirt aus Baumwolle, das auf der Vorderseite mit unserem Logo verziert ist. Dieser Artikel ist ein perfektes St\u00fcck f\u00fcr die Garderobe jedes Fu\u00dfballfanatikers (und nicht nur ihn!), um ihn auf der Stra\u00dfe, im Stadion und \u00fcberall sonst zu tragen! Erh\u00e4ltlich in drei Farbversionen.<\/p>\n","protected":false},"excerpt":{"rendered":"<p>Stelle mit PGWEAR deine eigene Basic-Garderobe zusammen! L\u00e4ssiges, absolut minimalistisches T-Shirt aus Baumwolle, das auf der Vorderseite mit unserem Logo verziert ist. Dieser Artikel ist ein perfektes St\u00fcck f\u00fcr die Garderobe jedes Fu\u00dfballfanatikers (und nicht nur ihn!), um ihn auf der Stra\u00dfe, im Stadion und \u00fcberall sonst zu tragen!<\/p>\n","protected":false},"featured_media":57265,"template":"","meta":{"_acf_changed":false},"product_brand":[],"product_cat":[3611,658,660],"product_tag":[3279,2839],"class_list":{"0":"post-35095","1":"product","2":"type-product","3":"status-publish","4":"has-post-thumbnail","6":"product_cat-casual-de","7":"product_cat-neuheiten","8":"product_cat-t-shirts-de","9":"product_tag-letzte-chance","10":"product_tag-sale-de","11":"pa_gramatura-180-gr-m2-de","12":"pa_kolekcja-fruhling-sommer-2023","13":"pa_kolor-marineblau","14":"pa_kroj-klassisch","15":"pa_material-100-baumwolle-de-2","16":"pa_nadruk-pgwear-aufdruck-links-auf-der-brust","17":"pa_rozmiar-l-de","18":"pa_rozmiar-m-de-2","19":"pa_rozmiar-s-de","20":"pa_rozmiar-xl-de","21":"pa_rozmiar-xxl-de","22":"pa_rozmiar-xxxl-de","24":"first","25":"instock","26":"sale","27":"taxable","28":"shipping-taxable","29":"purchasable","30":"product-type-variable"},"acf":[],"_links":{"self":[{"href":"https:\/\/pgwear.net\/de\/wp-json\/wp\/v2\/product\/35095","targetHints":{"allow":["GET"]}}],"collection":[{"href":"https:\/\/pgwear.net\/de\/wp-json\/wp\/v2\/product"}],"about":[{"href":"https:\/\/pgwear.net\/de\/wp-json\/wp\/v2\/types\/product"}],"wp:featuredmedia":[{"embeddable":true,"href":"https:\/\/pgwear.net\/de\/wp-json\/wp\/v2\/media\/57265"}],"wp:attachment":[{"href":"https:\/\/pgwear.net\/de\/wp-json\/wp\/v2\/media?parent=35095"}],"wp:term":[{"taxonomy":"product_brand","embeddable":true,"href":"https:\/\/pgwear.net\/de\/wp-json\/wp\/v2\/product_brand?post=35095"},{"taxonomy":"product_cat","embeddable":true,"href":"https:\/\/pgwear.net\/de\/wp-json\/wp\/v2\/product_cat?post=35095"},{"taxonomy":"product_tag","embeddable":true,"href":"https:\/\/pgwear.net\/de\/wp-json\/wp\/v2\/product_tag?post=35095"}],"curies":[{"name":"wp","href":"https:\/\/api.w.org\/{rel}","templated":true}]}}