{"id":35283,"date":"2022-09-22T11:27:04","date_gmt":"2022-09-22T09:27:04","guid":{"rendered":"https:\/\/pgwear.net\/p\/badeshorts-resort-green\/"},"modified":"2026-03-29T12:12:08","modified_gmt":"2026-03-29T10:12:08","slug":"ss23-badeshorts-resort-green","status":"publish","type":"product","link":"https:\/\/pgwear.net\/de\/p\/ss23-badeshorts-resort-green\/","title":{"rendered":"Badeshorts &#8220;Resort&#8221; Gr\u00fcn"},"content":{"rendered":"<p>Auf der Stra\u00dfe, im Stadion\u2026 Haben wir schon am Strand erw\u00e4hnt? Das sind die Orte, an denen du in PGWEAR Produkten verdammt cool aussehen wirst! Dieses Mal haben wir sogar f\u00fcnf Farbvariante vorbereitet! Finde diejenige, die zu deiner geliebten Fu\u00dfballmannschaft oder am besten zu deinem Stil passt!<\/p>\n","protected":false},"excerpt":{"rendered":"<p>Auf der Stra\u00dfe, im Stadion\u2026 Haben wir schon am Strand erw\u00e4hnt? Das sind die Orte, an denen du in PGWEAR Produkten verdammt cool aussehen wirst!<\/p>\n","protected":false},"featured_media":57073,"template":"","meta":{"_acf_changed":false},"product_brand":[],"product_cat":[3597,658,404],"product_tag":[3279,2839],"class_list":{"0":"post-35283","1":"product","2":"type-product","3":"status-publish","4":"has-post-thumbnail","6":"product_cat-badeshorts","7":"product_cat-neuheiten","8":"product_cat-shorts-de","9":"product_tag-letzte-chance","10":"product_tag-sale-de","11":"pa_gramatura-150-gr-m2-de","12":"pa_kolekcja-fruhling-sommer-2023","13":"pa_kolor-schwarz-grun","14":"pa_material-100-polyester-de-3","15":"pa_rozmiar-l-de","16":"pa_rozmiar-m-de-2","17":"pa_rozmiar-s-de","18":"pa_rozmiar-xl-de","19":"pa_rozmiar-xxl-de","20":"pa_rozmiar-xxxl-de","21":"feature-badehose","23":"first","24":"instock","25":"sale","26":"taxable","27":"shipping-taxable","28":"purchasable","29":"product-type-variable"},"acf":[],"_links":{"self":[{"href":"https:\/\/pgwear.net\/de\/wp-json\/wp\/v2\/product\/35283","targetHints":{"allow":["GET"]}}],"collection":[{"href":"https:\/\/pgwear.net\/de\/wp-json\/wp\/v2\/product"}],"about":[{"href":"https:\/\/pgwear.net\/de\/wp-json\/wp\/v2\/types\/product"}],"wp:featuredmedia":[{"embeddable":true,"href":"https:\/\/pgwear.net\/de\/wp-json\/wp\/v2\/media\/57073"}],"wp:attachment":[{"href":"https:\/\/pgwear.net\/de\/wp-json\/wp\/v2\/media?parent=35283"}],"wp:term":[{"taxonomy":"product_brand","embeddable":true,"href":"https:\/\/pgwear.net\/de\/wp-json\/wp\/v2\/product_brand?post=35283"},{"taxonomy":"product_cat","embeddable":true,"href":"https:\/\/pgwear.net\/de\/wp-json\/wp\/v2\/product_cat?post=35283"},{"taxonomy":"product_tag","embeddable":true,"href":"https:\/\/pgwear.net\/de\/wp-json\/wp\/v2\/product_tag?post=35283"}],"curies":[{"name":"wp","href":"https:\/\/api.w.org\/{rel}","templated":true}]}}