{"id":35466,"date":"2022-09-22T11:26:54","date_gmt":"2022-09-22T09:26:54","guid":{"rendered":"https:\/\/pgwear.net\/p\/cargo-shorts-squad-sand\/"},"modified":"2026-03-31T12:56:47","modified_gmt":"2026-03-31T10:56:47","slug":"ss23-cargo-shorts-squad-sand","status":"publish","type":"product","link":"https:\/\/pgwear.net\/de\/p\/ss23-cargo-shorts-squad-sand\/","title":{"rendered":"Cargoshorts &#8220;Squad II&#8221; Sand"},"content":{"rendered":"<p>Diese kurzen, minimalistischen und leichten Shorts aus Baumwolle sind die perfekte Wahl f\u00fcr hei\u00dfe Sommertage, an denen du stundenlang mit treuen Freunden in eine gegnerische Stadt zum Ausw\u00e4rtsspiel reisen musst. Ultimativer Komfort und Stil garantiert! Erh\u00e4ltlich in vier Farbversionen!<\/p>\n","protected":false},"excerpt":{"rendered":"<p>Diese kurzen, minimalistischen und leichten Shorts aus Baumwolle sind die perfekte Wahl f\u00fcr hei\u00dfe Sommertage, an denen du stundenlang mit treuen Freunden in eine gegnerische Stadt zum Ausw\u00e4rtsspiel reisen musst.<\/p>\n","protected":false},"featured_media":56927,"template":"","meta":{"_acf_changed":false},"product_brand":[],"product_cat":[3593,658,404],"product_tag":[1865,2791],"class_list":{"0":"post-35466","1":"product","2":"type-product","3":"status-publish","4":"has-post-thumbnail","6":"product_cat-cargoshorts","7":"product_cat-neuheiten","8":"product_cat-shorts-de","9":"product_tag-fruhling-sommer-2023","10":"product_tag-fruhling-sommer-2024","11":"pa_gramatura-240-gr-m2-de","12":"pa_kolekcja-fruhling-sommer-2023","13":"pa_kolor-beige-de","14":"pa_material-2-elastan-de","15":"pa_material-98-baumwolle","16":"pa_rozmiar-l-de","17":"pa_rozmiar-m-de-2","18":"pa_rozmiar-s-de","19":"pa_rozmiar-xl-de","20":"pa_rozmiar-xxl-de","21":"pa_rozmiar-xxxl-de","22":"feature-cargohose","24":"first","25":"instock","26":"taxable","27":"shipping-taxable","28":"purchasable","29":"product-type-variable"},"acf":[],"_links":{"self":[{"href":"https:\/\/pgwear.net\/de\/wp-json\/wp\/v2\/product\/35466","targetHints":{"allow":["GET"]}}],"collection":[{"href":"https:\/\/pgwear.net\/de\/wp-json\/wp\/v2\/product"}],"about":[{"href":"https:\/\/pgwear.net\/de\/wp-json\/wp\/v2\/types\/product"}],"wp:featuredmedia":[{"embeddable":true,"href":"https:\/\/pgwear.net\/de\/wp-json\/wp\/v2\/media\/56927"}],"wp:attachment":[{"href":"https:\/\/pgwear.net\/de\/wp-json\/wp\/v2\/media?parent=35466"}],"wp:term":[{"taxonomy":"product_brand","embeddable":true,"href":"https:\/\/pgwear.net\/de\/wp-json\/wp\/v2\/product_brand?post=35466"},{"taxonomy":"product_cat","embeddable":true,"href":"https:\/\/pgwear.net\/de\/wp-json\/wp\/v2\/product_cat?post=35466"},{"taxonomy":"product_tag","embeddable":true,"href":"https:\/\/pgwear.net\/de\/wp-json\/wp\/v2\/product_tag?post=35466"}],"curies":[{"name":"wp","href":"https:\/\/api.w.org\/{rel}","templated":true}]}}