{"id":35516,"date":"2022-09-22T11:26:48","date_gmt":"2022-09-22T09:26:48","guid":{"rendered":"https:\/\/pgwear.net\/p\/flagge-against-modern-football\/"},"modified":"2025-11-09T12:04:38","modified_gmt":"2025-11-09T11:04:38","slug":"ss23-flagge-against-modern-football","status":"publish","type":"product","link":"https:\/\/pgwear.net\/de\/p\/ss23-flagge-against-modern-football\/","title":{"rendered":"Flagge &#8220;Against Modern Football&#8221;"},"content":{"rendered":"<p>Der Fu\u00dfball hat sich in den letzten Jahrzehnten komplett ver\u00e4ndert! PGWEAR ruft dazu auf, zu seinen Wurzeln zur\u00fcckzukehren, wo die sch\u00f6nsten und wahren Werte dieses Spiels herkommen! Wir sind GEGEN MODERNEN FUSSBALL! Verbreite diese Idee mit dieser Flagge in jedem Stadion auf der ganzen Welt!<\/p>\n","protected":false},"excerpt":{"rendered":"<p>Der Fu\u00dfball hat sich in den letzten Jahrzehnten komplett ver\u00e4ndert! PGWEAR ruft dazu auf, zu seinen Wurzeln zur\u00fcckzukehren, wo die sch\u00f6nsten und wahren Werte dieses Spiels herkommen! Wir sind GEGEN MODERNEN FUSSBALL! Verbreite diese Idee mit dieser Flagge in jedem Stadion auf der ganzen Welt!<\/p>\n","protected":false},"featured_media":56689,"template":"","meta":{"_acf_changed":false},"product_brand":[],"product_cat":[502,3533,658],"product_tag":[1865],"class_list":{"0":"post-35516","1":"product","2":"type-product","3":"status-publish","4":"has-post-thumbnail","6":"product_cat-accessories-de","7":"product_cat-flaggen","8":"product_cat-neuheiten","9":"product_tag-fruhling-sommer-2023","10":"pa_kolekcja-fruhling-sommer-2023","11":"pa_kolor-schwarz","12":"pa_material-100-polyester-de-3","13":"pa_nadruk-aufduck-auf-der-gesamten-oberflaeche","14":"feature-against-modern-football-de","15":"feature-ball-thema","16":"feature-flagge","18":"first","19":"instock","20":"taxable","21":"shipping-taxable","22":"purchasable","23":"product-type-simple"},"acf":[],"_links":{"self":[{"href":"https:\/\/pgwear.net\/de\/wp-json\/wp\/v2\/product\/35516","targetHints":{"allow":["GET"]}}],"collection":[{"href":"https:\/\/pgwear.net\/de\/wp-json\/wp\/v2\/product"}],"about":[{"href":"https:\/\/pgwear.net\/de\/wp-json\/wp\/v2\/types\/product"}],"wp:featuredmedia":[{"embeddable":true,"href":"https:\/\/pgwear.net\/de\/wp-json\/wp\/v2\/media\/56689"}],"wp:attachment":[{"href":"https:\/\/pgwear.net\/de\/wp-json\/wp\/v2\/media?parent=35516"}],"wp:term":[{"taxonomy":"product_brand","embeddable":true,"href":"https:\/\/pgwear.net\/de\/wp-json\/wp\/v2\/product_brand?post=35516"},{"taxonomy":"product_cat","embeddable":true,"href":"https:\/\/pgwear.net\/de\/wp-json\/wp\/v2\/product_cat?post=35516"},{"taxonomy":"product_tag","embeddable":true,"href":"https:\/\/pgwear.net\/de\/wp-json\/wp\/v2\/product_tag?post=35516"}],"curies":[{"name":"wp","href":"https:\/\/api.w.org\/{rel}","templated":true}]}}