{"id":35520,"date":"2022-09-22T11:26:48","date_gmt":"2022-09-22T09:26:48","guid":{"rendered":"https:\/\/pgwear.net\/p\/handtuch-avanti-ultras\/"},"modified":"2026-03-27T12:43:40","modified_gmt":"2026-03-27T11:43:40","slug":"ss23-badetuch-avanti-ultras","status":"publish","type":"product","link":"https:\/\/pgwear.net\/de\/p\/ss23-badetuch-avanti-ultras\/","title":{"rendered":"Handtuch &#8220;Avanti Ultras&#8221;"},"content":{"rendered":"<p>Urlaub im Stil der Ultras? Mit PGWEAR ULTRAS SHOP ist das m\u00f6glich! Stellen Sie Ihr eigenes, einzigartiges Zubeh\u00f6r f\u00fcr Ihre Urlaubsreise zusammen! Keine albernen Hawaii-Motive mehr &#8211; nur noch stylische Sachen von PGWEAR! Nimm dieses Handtuch und genie\u00dfe deinen Strandurlaub \ud83d\ude09<\/p>\n","protected":false},"excerpt":{"rendered":"<p>Urlaub im Stil der Ultras? Mit PGWEAR ULTRAS SHOP ist das m\u00f6glich! Stellen Sie Ihr eigenes, einzigartiges Zubeh\u00f6r f\u00fcr Ihre Urlaubsreise zusammen! Keine albernen Hawaii-Motive mehr &#8211; nur noch stylische Sachen von PGWEAR! Nimm dieses Handtuch und genie\u00dfe deinen Strandurlaub \ud83d\ude09<\/p>\n","protected":false},"featured_media":56845,"template":"","meta":{"_acf_changed":false},"product_brand":[],"product_cat":[502,3543,658],"product_tag":[2142,1865,3616],"class_list":{"0":"post-35520","1":"product","2":"type-product","3":"status-publish","4":"has-post-thumbnail","6":"product_cat-accessories-de","7":"product_cat-badetuecher","8":"product_cat-neuheiten","9":"product_tag-copacabana","10":"product_tag-fruhling-sommer-2023","11":"product_tag-summer-capsule-de","12":"pa_kolekcja-fruhling-sommer-2023","13":"pa_kolor-schwarz-rot","14":"pa_material-100-baumwolle-ruckseite","15":"pa_material-100-polyester-vorderseite","16":"pa_nadruk-aufduck-auf-der-gesamten-oberflaeche","17":"feature-balaclava-motiv","18":"feature-die-aufschrift-ultras","19":"feature-handtuch","21":"first","22":"instock","23":"taxable","24":"shipping-taxable","25":"purchasable","26":"product-type-simple"},"acf":[],"_links":{"self":[{"href":"https:\/\/pgwear.net\/de\/wp-json\/wp\/v2\/product\/35520","targetHints":{"allow":["GET"]}}],"collection":[{"href":"https:\/\/pgwear.net\/de\/wp-json\/wp\/v2\/product"}],"about":[{"href":"https:\/\/pgwear.net\/de\/wp-json\/wp\/v2\/types\/product"}],"wp:featuredmedia":[{"embeddable":true,"href":"https:\/\/pgwear.net\/de\/wp-json\/wp\/v2\/media\/56845"}],"wp:attachment":[{"href":"https:\/\/pgwear.net\/de\/wp-json\/wp\/v2\/media?parent=35520"}],"wp:term":[{"taxonomy":"product_brand","embeddable":true,"href":"https:\/\/pgwear.net\/de\/wp-json\/wp\/v2\/product_brand?post=35520"},{"taxonomy":"product_cat","embeddable":true,"href":"https:\/\/pgwear.net\/de\/wp-json\/wp\/v2\/product_cat?post=35520"},{"taxonomy":"product_tag","embeddable":true,"href":"https:\/\/pgwear.net\/de\/wp-json\/wp\/v2\/product_tag?post=35520"}],"curies":[{"name":"wp","href":"https:\/\/api.w.org\/{rel}","templated":true}]}}