{"id":37105,"date":"2022-10-05T08:46:31","date_gmt":"2022-10-05T06:46:31","guid":{"rendered":"https:\/\/pgwear.net\/p\/action-hat-the-no-face-schwarz\/"},"modified":"2026-02-12T23:48:31","modified_gmt":"2026-02-12T22:48:31","slug":"tnf006-action-hat-the-no-face-schwarz","status":"publish","type":"product","link":"https:\/\/pgwear.net\/de\/p\/tnf006-action-hat-the-no-face-schwarz\/","title":{"rendered":"Action Hat &#8220;The No Face&#8221; Schwarz"},"content":{"rendered":"<p>Die <a href=\"https:\/\/pgwear.net\/de\/c\/mutzen\/\">Winterm\u00fctze<\/a> \u201eAction Hat\u201c aus der Kollektion The No Face ist die perfekte L\u00f6sung f\u00fcr den Alltag,sowohl f\u00fcr die Stra\u00dfe als auch f\u00fcrs Stadion. Mit einer Handbewegung verwandelst du sie in eine <a href=\"https:\/\/pgwear.net\/de\/c\/sturmhauben\/\">Sturmhaube<\/a>, dank dem versteckten Rei\u00dfverschluss unter dem Umschlag der M\u00fctze.<\/p>\n","protected":false},"excerpt":{"rendered":"<p>Die Winterm\u00fctze \u201eAction Hat\u201c aus der Kollektion The No Face ist die perfekte L\u00f6sung f\u00fcr den Alltag,sowohl f\u00fcr die Stra\u00dfe als auch f\u00fcrs Stadion.<\/p>\n","protected":false},"featured_media":37416,"template":"","meta":{"_acf_changed":false},"product_brand":[],"product_cat":[3571,652,658,3575,654,3573],"product_tag":[1799],"class_list":{"0":"post-37105","1":"product","2":"type-product","3":"status-publish","4":"has-post-thumbnail","6":"product_cat-mit-sturmhaubenfunktion","7":"product_cat-mutzen","8":"product_cat-neuheiten","9":"product_cat-sturmhauben-de","10":"product_cat-sturmhauben","11":"product_cat-wintermuetzen","12":"product_tag-the-no-face-de","13":"pa_kolekcja-herbst-winter-2022","14":"pa_kolor-schwarz","15":"pa_material-100-acryl-de","16":"feature-wintermuetze","18":"first","19":"instock","20":"taxable","21":"shipping-taxable","22":"purchasable","23":"product-type-simple"},"acf":[],"_links":{"self":[{"href":"https:\/\/pgwear.net\/de\/wp-json\/wp\/v2\/product\/37105","targetHints":{"allow":["GET"]}}],"collection":[{"href":"https:\/\/pgwear.net\/de\/wp-json\/wp\/v2\/product"}],"about":[{"href":"https:\/\/pgwear.net\/de\/wp-json\/wp\/v2\/types\/product"}],"wp:featuredmedia":[{"embeddable":true,"href":"https:\/\/pgwear.net\/de\/wp-json\/wp\/v2\/media\/37416"}],"wp:attachment":[{"href":"https:\/\/pgwear.net\/de\/wp-json\/wp\/v2\/media?parent=37105"}],"wp:term":[{"taxonomy":"product_brand","embeddable":true,"href":"https:\/\/pgwear.net\/de\/wp-json\/wp\/v2\/product_brand?post=37105"},{"taxonomy":"product_cat","embeddable":true,"href":"https:\/\/pgwear.net\/de\/wp-json\/wp\/v2\/product_cat?post=37105"},{"taxonomy":"product_tag","embeddable":true,"href":"https:\/\/pgwear.net\/de\/wp-json\/wp\/v2\/product_tag?post=37105"}],"curies":[{"name":"wp","href":"https:\/\/api.w.org\/{rel}","templated":true}]}}