{"id":41638,"date":"2022-10-25T12:11:40","date_gmt":"2022-10-25T10:11:40","guid":{"rendered":"https:\/\/pgwear.net\/p\/neck-cover-crazy-santa\/"},"modified":"2026-03-18T21:46:45","modified_gmt":"2026-03-18T20:46:45","slug":"ch22-neck-cover-crazy-santa","status":"publish","type":"product","link":"https:\/\/pgwear.net\/de\/p\/ch22-neck-cover-crazy-santa\/","title":{"rendered":"Neck Cover &#8220;Crazy Santa&#8221;"},"content":{"rendered":"<p>Jeder Ultras, Hooligan und Fu\u00dfballfanatiker kennt eine einfache Regel! Das Gesicht muss sowohl auf der Stra\u00dfe als auch im Stadion ordnungsgem\u00e4\u00df bedeckt sein! Aber warum nicht auch an Weihnachten? Schalte die Weihnachtsstimmung mit Neckwarmer von PGWEAR ULTRAS SHOP ein! Bleibe anonym und sieh wie der verr\u00fcckte Weihnachtsmann aus! \ud83d\ude09<\/p>\n","protected":false},"excerpt":{"rendered":"<p>Jeder Ultras, Hooligan und Fu\u00dfballfanatiker kennt eine einfache Regel! Das Gesicht muss sowohl auf der Stra\u00dfe als auch im Stadion ordnungsgem\u00e4\u00df bedeckt sein!<\/p>\n","protected":false},"featured_media":41628,"template":"","meta":{"_acf_changed":false},"product_brand":[],"product_cat":[658,1822],"product_tag":[2839],"class_list":{"0":"post-41638","1":"product","2":"type-product","3":"status-publish","4":"has-post-thumbnail","6":"product_cat-neuheiten","7":"product_cat-weihnachtskollektion-2022","8":"product_tag-sale-de","9":"pa_material-100-polyester-de-3","10":"pa_nadruk-aufduck-auf-der-gesamten-oberflaeche","12":"first","13":"instock","14":"sale","15":"taxable","16":"shipping-taxable","17":"purchasable","18":"product-type-simple"},"acf":[],"_links":{"self":[{"href":"https:\/\/pgwear.net\/de\/wp-json\/wp\/v2\/product\/41638","targetHints":{"allow":["GET"]}}],"collection":[{"href":"https:\/\/pgwear.net\/de\/wp-json\/wp\/v2\/product"}],"about":[{"href":"https:\/\/pgwear.net\/de\/wp-json\/wp\/v2\/types\/product"}],"wp:featuredmedia":[{"embeddable":true,"href":"https:\/\/pgwear.net\/de\/wp-json\/wp\/v2\/media\/41628"}],"wp:attachment":[{"href":"https:\/\/pgwear.net\/de\/wp-json\/wp\/v2\/media?parent=41638"}],"wp:term":[{"taxonomy":"product_brand","embeddable":true,"href":"https:\/\/pgwear.net\/de\/wp-json\/wp\/v2\/product_brand?post=41638"},{"taxonomy":"product_cat","embeddable":true,"href":"https:\/\/pgwear.net\/de\/wp-json\/wp\/v2\/product_cat?post=41638"},{"taxonomy":"product_tag","embeddable":true,"href":"https:\/\/pgwear.net\/de\/wp-json\/wp\/v2\/product_tag?post=41638"}],"curies":[{"name":"wp","href":"https:\/\/api.w.org\/{rel}","templated":true}]}}