{"id":41903,"date":"2022-10-28T10:09:45","date_gmt":"2022-10-28T08:09:45","guid":{"rendered":"https:\/\/pgwear.net\/p\/t-shirt-love\/"},"modified":"2026-03-18T21:46:47","modified_gmt":"2026-03-18T20:46:47","slug":"val23-t-shirt-love","status":"publish","type":"product","link":"https:\/\/pgwear.net\/de\/p\/val23-t-shirt-love\/","title":{"rendered":"T-shirt &#8220;Love&#8221;"},"content":{"rendered":"<p>Es gab immer einen Unterschied zwischen uns. Frauen m\u00f6chten lieber eine Zeit bei einem romantischen Date in einem Restaurant oder zu Hause auf Sofa eine TV-Serie ansehen, verbringen. Aber wir M\u00e4nner wollen anders! Wir bevorzugen Action! Wir m\u00f6chten die Morgenzeit auf dem Weg zu Ausw\u00e4rtsspiel im Zug verbringen, den Nachmittag auf der Trib\u00fcne verbringen und Pyro w\u00e4hrend des Spiels abbrennen und den Abend im Pub mit treuen Kumpels verbringen! Wir k\u00f6nnen jedoch auf unsere geliebten Frauen nicht verzichten! Mach dich bereit auf den Valentinstag mit dem T-shirt LOVE von PGWEAR ULTRAS SHOP !<\/p>\n","protected":false},"excerpt":{"rendered":"<p>Es gab immer einen Unterschied zwischen uns. Frauen m\u00f6chten lieber eine Zeit bei einem romantischen Date in einem Restaurant oder zu Hause auf Sofa eine TV-Serie ansehen, verbringen. Aber wir M\u00e4nner wollen anders! Wir bevorzugen Action!<\/p>\n","protected":false},"featured_media":41879,"template":"","meta":{"_acf_changed":false},"product_brand":[],"product_cat":[658,660],"product_tag":[3279,3847],"class_list":{"0":"post-41903","1":"product","2":"type-product","3":"status-publish","4":"has-post-thumbnail","6":"product_cat-neuheiten","7":"product_cat-t-shirts-de","8":"product_tag-letzte-chance","9":"product_tag-love","10":"pa_gramatura-180-gr-m2-de","11":"pa_kolekcja-fruhling-sommer-2023","12":"pa_kolor-grau","13":"pa_kroj-klassisch","14":"pa_material-100-baumwolle-de-2","15":"pa_nadruk-grosser-brustaufdruck","16":"pa_rozmiar-l-de","17":"pa_rozmiar-m-de-2","18":"pa_rozmiar-s-de","19":"pa_rozmiar-xl-de","20":"pa_rozmiar-xxl-de","21":"pa_rozmiar-xxxl-de","23":"first","24":"instock","25":"sale","26":"taxable","27":"shipping-taxable","28":"purchasable","29":"product-type-variable"},"acf":[],"_links":{"self":[{"href":"https:\/\/pgwear.net\/de\/wp-json\/wp\/v2\/product\/41903","targetHints":{"allow":["GET"]}}],"collection":[{"href":"https:\/\/pgwear.net\/de\/wp-json\/wp\/v2\/product"}],"about":[{"href":"https:\/\/pgwear.net\/de\/wp-json\/wp\/v2\/types\/product"}],"wp:featuredmedia":[{"embeddable":true,"href":"https:\/\/pgwear.net\/de\/wp-json\/wp\/v2\/media\/41879"}],"wp:attachment":[{"href":"https:\/\/pgwear.net\/de\/wp-json\/wp\/v2\/media?parent=41903"}],"wp:term":[{"taxonomy":"product_brand","embeddable":true,"href":"https:\/\/pgwear.net\/de\/wp-json\/wp\/v2\/product_brand?post=41903"},{"taxonomy":"product_cat","embeddable":true,"href":"https:\/\/pgwear.net\/de\/wp-json\/wp\/v2\/product_cat?post=41903"},{"taxonomy":"product_tag","embeddable":true,"href":"https:\/\/pgwear.net\/de\/wp-json\/wp\/v2\/product_tag?post=41903"}],"curies":[{"name":"wp","href":"https:\/\/api.w.org\/{rel}","templated":true}]}}