{"id":52085,"date":"2022-12-07T08:36:33","date_gmt":"2022-12-07T07:36:33","guid":{"rendered":"https:\/\/pgwear.net\/p\/t-shirt-acab-gta\/"},"modified":"2026-03-31T12:56:31","modified_gmt":"2026-03-31T10:56:31","slug":"aw22se-t-shirt-acab-gta","status":"publish","type":"product","link":"https:\/\/pgwear.net\/de\/p\/aw22se-t-shirt-acab-gta\/","title":{"rendered":"T-shirt &#8220;ACAB &#8211; GTA&#8221;"},"content":{"rendered":"<p>Seit einigen Jahren feiern wir bei PGWEAR den internationalen Tag der &#8220;Liebe&#8221; zur Polizei und speziell f\u00fcr diesen Anlass haben wir Produkte in streng limitierter St\u00fcckzahl produziert. In diesem Jahr haben wir T-Shirts und Hoodies mit Sturmhauben hergestellt. Das Hauptmotiv der Linie ist das ber\u00fchmte PGWEAR-Muster aus der Fr\u00fchling \/ Sommer-Kollektion 2016. Dies ist eines der bekanntesten Designs im Zusammenhang mit dem ACAB-Thema f\u00fcr Fu\u00dfballfans. T-Shirts und Hoodies mit den ber\u00fchmten ACAB-GTA-Grafiken sind in Stadien auf der ganzen Welt ber\u00fchmt geworden. Kaufe jetzt und feiere am 13.12. den Internationalen Tag der Liebe zur Polizei mit Bekleidung von PGWEAR Ultras Shop!<\/p>\n","protected":false},"excerpt":{"rendered":"<p>Od kilku lat w PGWEAR \u015bwi\u0119tujemy mi\u0119dzynarodowy dzie\u0144 \u201emi\u0142o\u015bci\u201d do policji i specjalnie na t\u0105 okazj\u0119 przygotowujemy produkty w \u015bci\u015ble limitowanej ilo\u015bci.<\/p>\n","protected":false},"featured_media":51937,"template":"","meta":{"_acf_changed":false},"product_brand":[],"product_cat":[658,660],"product_tag":[],"class_list":{"0":"post-52085","1":"product","2":"type-product","3":"status-publish","4":"has-post-thumbnail","6":"product_cat-neuheiten","7":"product_cat-t-shirts-de","8":"pa_gramatura-180-gr-m2-de","9":"pa_kolor-schwarz","10":"pa_kroj-klassisch","11":"pa_material-100-baumwolle-de-2","12":"pa_nadruk-grosser-brustaufdruck","13":"pa_rozmiar-l-de","14":"pa_rozmiar-m-de-2","15":"pa_rozmiar-s-de","16":"pa_rozmiar-xl-de","17":"pa_rozmiar-xxl-de","18":"pa_rozmiar-xxxl-de","19":"feature-1312-de","20":"feature-acab-de","21":"feature-gta-de","23":"first","24":"instock","25":"taxable","26":"shipping-taxable","27":"purchasable","28":"product-type-variable"},"acf":[],"_links":{"self":[{"href":"https:\/\/pgwear.net\/de\/wp-json\/wp\/v2\/product\/52085","targetHints":{"allow":["GET"]}}],"collection":[{"href":"https:\/\/pgwear.net\/de\/wp-json\/wp\/v2\/product"}],"about":[{"href":"https:\/\/pgwear.net\/de\/wp-json\/wp\/v2\/types\/product"}],"wp:featuredmedia":[{"embeddable":true,"href":"https:\/\/pgwear.net\/de\/wp-json\/wp\/v2\/media\/51937"}],"wp:attachment":[{"href":"https:\/\/pgwear.net\/de\/wp-json\/wp\/v2\/media?parent=52085"}],"wp:term":[{"taxonomy":"product_brand","embeddable":true,"href":"https:\/\/pgwear.net\/de\/wp-json\/wp\/v2\/product_brand?post=52085"},{"taxonomy":"product_cat","embeddable":true,"href":"https:\/\/pgwear.net\/de\/wp-json\/wp\/v2\/product_cat?post=52085"},{"taxonomy":"product_tag","embeddable":true,"href":"https:\/\/pgwear.net\/de\/wp-json\/wp\/v2\/product_tag?post=52085"}],"curies":[{"name":"wp","href":"https:\/\/api.w.org\/{rel}","templated":true}]}}