{"id":62321,"date":"2023-02-13T13:45:45","date_gmt":"2023-02-13T12:45:45","guid":{"rendered":"https:\/\/pgwear.net\/?post_type=product&#038;p=62321"},"modified":"2026-03-20T14:02:27","modified_gmt":"2026-03-20T13:02:27","slug":"t-shirt-media-lies","status":"publish","type":"product","link":"https:\/\/pgwear.net\/de\/p\/t-shirt-media-lies\/","title":{"rendered":"T-shirt &#8220;Media Lies&#8221;"},"content":{"rendered":"<p>T-shirt MEDIA LIES Es gibt einige Feinde in der Welt der Ultras, die gr\u00f6\u00dfer als Gegner einer anderen Fu\u00dfballmannschaft sind. Einer davon sind die Medien. Sie haben nur einen Zweck &#8211; die Werte der Ultras und die Fu\u00dfballbewegung zu diskreditieren. Egal was sie tun oder sagen, wir wissen, dass die MEDIEN l\u00fcgen!<\/p>\n","protected":false},"excerpt":{"rendered":"<p>T-shirt MEDIA LIES Es gibt einige Feinde in der Welt der Ultras, die gr\u00f6\u00dfer als Gegner einer anderen Fu\u00dfballmannschaft sind. Einer davon sind die Medien. Sie haben nur einen Zweck &#8211; die Werte der Ultras und die Fu\u00dfballbewegung zu diskreditieren.<\/p>\n","protected":false},"featured_media":62304,"template":"","meta":{"_acf_changed":false},"product_brand":[],"product_cat":[658,660],"product_tag":[],"class_list":{"0":"post-62321","1":"product","2":"type-product","3":"status-publish","4":"has-post-thumbnail","6":"product_cat-neuheiten","7":"product_cat-t-shirts-de","8":"pa_gramatura-180-gr-m2-de","9":"pa_kolor-schwarz","10":"pa_kroj-klassisch","11":"pa_material-100-baumwolle-de-2","12":"pa_nadruk-grosser-brustaufdruck","13":"pa_rozmiar-l-de","14":"pa_rozmiar-m-de-2","15":"pa_rozmiar-s-de","16":"pa_rozmiar-xl-de","17":"pa_rozmiar-xxl-de","18":"pa_rozmiar-xxxl-de","19":"feature-pyro-thema","21":"first","22":"instock","23":"taxable","24":"shipping-taxable","25":"purchasable","26":"product-type-variable"},"acf":[],"_links":{"self":[{"href":"https:\/\/pgwear.net\/de\/wp-json\/wp\/v2\/product\/62321","targetHints":{"allow":["GET"]}}],"collection":[{"href":"https:\/\/pgwear.net\/de\/wp-json\/wp\/v2\/product"}],"about":[{"href":"https:\/\/pgwear.net\/de\/wp-json\/wp\/v2\/types\/product"}],"wp:featuredmedia":[{"embeddable":true,"href":"https:\/\/pgwear.net\/de\/wp-json\/wp\/v2\/media\/62304"}],"wp:attachment":[{"href":"https:\/\/pgwear.net\/de\/wp-json\/wp\/v2\/media?parent=62321"}],"wp:term":[{"taxonomy":"product_brand","embeddable":true,"href":"https:\/\/pgwear.net\/de\/wp-json\/wp\/v2\/product_brand?post=62321"},{"taxonomy":"product_cat","embeddable":true,"href":"https:\/\/pgwear.net\/de\/wp-json\/wp\/v2\/product_cat?post=62321"},{"taxonomy":"product_tag","embeddable":true,"href":"https:\/\/pgwear.net\/de\/wp-json\/wp\/v2\/product_tag?post=62321"}],"curies":[{"name":"wp","href":"https:\/\/api.w.org\/{rel}","templated":true}]}}