{"id":62474,"date":"2023-02-13T13:45:44","date_gmt":"2023-02-13T12:45:44","guid":{"rendered":"https:\/\/pgwear.net\/?post_type=product&#038;p=62474"},"modified":"2026-04-07T19:14:38","modified_gmt":"2026-04-07T17:14:38","slug":"t-shirt-illegal-passion","status":"publish","type":"product","link":"https:\/\/pgwear.net\/de\/p\/t-shirt-illegal-passion\/","title":{"rendered":"T-shirt &#8220;Illegal Passion&#8221;"},"content":{"rendered":"<p>Daf\u00fcr sind wir in den meisten Stadien verbannt, in den Massenmedien, Regierungen und Gesellschaften in ganz Europa verhasst. Das Abbrennen der <a href=\"https:\/\/pgwear.net\/de\/feature\/pyro-thema\/\">Fackeln und Smokes<\/a> auf den Trib\u00fcnen ist Art der Unterst\u00fctzung der geliebten Fu\u00dfballmannschaft! Ein Ausdruck der Ultras-Leidenschaft ! ILLEGALER LEIDENSCHAFT! Wir h\u00f6ren damit nie auf!<\/p>\n","protected":false},"excerpt":{"rendered":"<p>Daf\u00fcr sind wir in den meisten Stadien verbannt, in den Massenmedien, Regierungen und Gesellschaften in ganz Europa verhasst.<\/p>\n","protected":false},"featured_media":62702,"template":"","meta":{"_acf_changed":false},"product_brand":[],"product_cat":[658,660],"product_tag":[],"class_list":{"0":"post-62474","1":"product","2":"type-product","3":"status-publish","4":"has-post-thumbnail","6":"product_cat-neuheiten","7":"product_cat-t-shirts-de","8":"pa_gramatura-180-gr-m2-de","9":"pa_kolor-schwarz","10":"pa_kroj-klassisch","11":"pa_material-100-baumwolle-de-2","12":"pa_nadruk-grosser-brustaufdruck","13":"pa_rozmiar-l-de","14":"pa_rozmiar-m-de-2","15":"pa_rozmiar-s-de","16":"pa_rozmiar-xl-de","17":"pa_rozmiar-xxl-de","18":"pa_rozmiar-xxxl-de","20":"first","21":"instock","22":"taxable","23":"shipping-taxable","24":"purchasable","25":"product-type-variable"},"acf":[],"_links":{"self":[{"href":"https:\/\/pgwear.net\/de\/wp-json\/wp\/v2\/product\/62474","targetHints":{"allow":["GET"]}}],"collection":[{"href":"https:\/\/pgwear.net\/de\/wp-json\/wp\/v2\/product"}],"about":[{"href":"https:\/\/pgwear.net\/de\/wp-json\/wp\/v2\/types\/product"}],"wp:featuredmedia":[{"embeddable":true,"href":"https:\/\/pgwear.net\/de\/wp-json\/wp\/v2\/media\/62702"}],"wp:attachment":[{"href":"https:\/\/pgwear.net\/de\/wp-json\/wp\/v2\/media?parent=62474"}],"wp:term":[{"taxonomy":"product_brand","embeddable":true,"href":"https:\/\/pgwear.net\/de\/wp-json\/wp\/v2\/product_brand?post=62474"},{"taxonomy":"product_cat","embeddable":true,"href":"https:\/\/pgwear.net\/de\/wp-json\/wp\/v2\/product_cat?post=62474"},{"taxonomy":"product_tag","embeddable":true,"href":"https:\/\/pgwear.net\/de\/wp-json\/wp\/v2\/product_tag?post=62474"}],"curies":[{"name":"wp","href":"https:\/\/api.w.org\/{rel}","templated":true}]}}