{"id":62512,"date":"2023-02-13T13:45:39","date_gmt":"2023-02-13T12:45:39","guid":{"rendered":"https:\/\/pgwear.net\/?post_type=product&#038;p=62512"},"modified":"2026-02-28T21:27:17","modified_gmt":"2026-02-28T20:27:17","slug":"t-shirt-banned-from-stadium","status":"publish","type":"product","link":"https:\/\/pgwear.net\/de\/p\/t-shirt-banned-from-stadium\/","title":{"rendered":"T-shirt &#8220;Banned from Stadium&#8221;"},"content":{"rendered":"<p>Leider haben wir alle Freunde, die einige oder alle Stadien nicht mehr betreten k\u00f6nnen. Wir wissen jedoch sehr gut, dass diese Menschen ihren geliebten Fu\u00dfballverein manchmal noch st\u00e4rker unterst\u00fctzen als diejenigen, die auf die Trib\u00fcne kommen k\u00f6nnen! Selbst wenn das System die Verbotenen zu Au\u00dfenseitern machte, hat es ihr Engagement nie zerst\u00f6rt! Stadionverbot hei\u00dft nicht Leidenschaftsverbot!<\/p>\n","protected":false},"excerpt":{"rendered":"<p>Leider haben wir alle Freunde, die einige oder alle Stadien nicht mehr betreten k\u00f6nnen. Wir wissen jedoch sehr gut, dass diese Menschen ihren geliebten Fu\u00dfballverein manchmal noch st\u00e4rker unterst\u00fctzen als diejenigen, die auf die Trib\u00fcne kommen k\u00f6nnen!<\/p>\n","protected":false},"featured_media":62498,"template":"","meta":{"_acf_changed":false},"product_brand":[],"product_cat":[658,660],"product_tag":[3279,2839],"class_list":{"0":"post-62512","1":"product","2":"type-product","3":"status-publish","4":"has-post-thumbnail","6":"product_cat-neuheiten","7":"product_cat-t-shirts-de","8":"product_tag-letzte-chance","9":"product_tag-sale-de","10":"pa_gramatura-180-gr-m2-de","11":"pa_kolor-marineblau","12":"pa_kroj-klassisch","13":"pa_material-100-baumwolle-de-2","14":"pa_nadruk-grosser-brustaufdruck","15":"pa_rozmiar-l-de","16":"pa_rozmiar-m-de-2","17":"pa_rozmiar-s-de","18":"pa_rozmiar-xl-de","19":"pa_rozmiar-xxl-de","20":"pa_rozmiar-xxxl-de","22":"first","23":"instock","24":"sale","25":"taxable","26":"shipping-taxable","27":"purchasable","28":"product-type-variable"},"acf":[],"_links":{"self":[{"href":"https:\/\/pgwear.net\/de\/wp-json\/wp\/v2\/product\/62512","targetHints":{"allow":["GET"]}}],"collection":[{"href":"https:\/\/pgwear.net\/de\/wp-json\/wp\/v2\/product"}],"about":[{"href":"https:\/\/pgwear.net\/de\/wp-json\/wp\/v2\/types\/product"}],"wp:featuredmedia":[{"embeddable":true,"href":"https:\/\/pgwear.net\/de\/wp-json\/wp\/v2\/media\/62498"}],"wp:attachment":[{"href":"https:\/\/pgwear.net\/de\/wp-json\/wp\/v2\/media?parent=62512"}],"wp:term":[{"taxonomy":"product_brand","embeddable":true,"href":"https:\/\/pgwear.net\/de\/wp-json\/wp\/v2\/product_brand?post=62512"},{"taxonomy":"product_cat","embeddable":true,"href":"https:\/\/pgwear.net\/de\/wp-json\/wp\/v2\/product_cat?post=62512"},{"taxonomy":"product_tag","embeddable":true,"href":"https:\/\/pgwear.net\/de\/wp-json\/wp\/v2\/product_tag?post=62512"}],"curies":[{"name":"wp","href":"https:\/\/api.w.org\/{rel}","templated":true}]}}