{"id":62569,"date":"2023-02-13T13:45:36","date_gmt":"2023-02-13T12:45:36","guid":{"rendered":"https:\/\/pgwear.net\/?post_type=product&#038;p=62569"},"modified":"2026-03-31T12:56:16","modified_gmt":"2026-03-31T10:56:16","slug":"t-shirt-awayday-black","status":"publish","type":"product","link":"https:\/\/pgwear.net\/de\/p\/t-shirt-awayday-black\/","title":{"rendered":"T-shirt &#8220;Awayday&#8221; Black"},"content":{"rendered":"<p>Kennst du etwas Besseres, als das Wochenende auf dem Ausw\u00e4rtsspiel zu verbringen, um das geliebte Fu\u00dfballteam zu unterst\u00fctzen? Wir nicht! Denn DIE BESTEN TAGE SIND <a href=\"https:\/\/pgwear.net\/de\/feature\/awayday-de\/\">AUSW\u00c4RTSTAGE<\/a>! Hol dir ein <a href=\"https:\/\/pgwear.net\/de\/feature\/thema-bier\/\">Bier<\/a>, triff dich mit treuen Freunden, steige in den Bus oder Zug und mach dich bereit auf die Abenteuer!<\/p>\n","protected":false},"excerpt":{"rendered":"<p>Kennst du etwas Besseres, als das Wochenende auf dem Ausw\u00e4rtsspiel zu verbringen, um das geliebte Fu\u00dfballteam zu unterst\u00fctzen?<\/p>\n","protected":false},"featured_media":62555,"template":"","meta":{"_acf_changed":false},"product_brand":[],"product_cat":[3611,658,660],"product_tag":[],"class_list":{"0":"post-62569","1":"product","2":"type-product","3":"status-publish","4":"has-post-thumbnail","6":"product_cat-casual-de","7":"product_cat-neuheiten","8":"product_cat-t-shirts-de","9":"pa_gramatura-180-gr-m2-de","10":"pa_kolor-schwarz","11":"pa_kroj-klassisch","12":"pa_material-100-baumwolle-de-2","13":"pa_nadruk-brustaufdruck","14":"pa_rozmiar-l-de","15":"pa_rozmiar-m-de-2","16":"pa_rozmiar-s-de","17":"pa_rozmiar-xl-de","18":"pa_rozmiar-xxl-de","19":"pa_rozmiar-xxxl-de","20":"feature-awayday-de","22":"first","23":"instock","24":"taxable","25":"shipping-taxable","26":"purchasable","27":"product-type-variable"},"acf":[],"_links":{"self":[{"href":"https:\/\/pgwear.net\/de\/wp-json\/wp\/v2\/product\/62569","targetHints":{"allow":["GET"]}}],"collection":[{"href":"https:\/\/pgwear.net\/de\/wp-json\/wp\/v2\/product"}],"about":[{"href":"https:\/\/pgwear.net\/de\/wp-json\/wp\/v2\/types\/product"}],"wp:featuredmedia":[{"embeddable":true,"href":"https:\/\/pgwear.net\/de\/wp-json\/wp\/v2\/media\/62555"}],"wp:attachment":[{"href":"https:\/\/pgwear.net\/de\/wp-json\/wp\/v2\/media?parent=62569"}],"wp:term":[{"taxonomy":"product_brand","embeddable":true,"href":"https:\/\/pgwear.net\/de\/wp-json\/wp\/v2\/product_brand?post=62569"},{"taxonomy":"product_cat","embeddable":true,"href":"https:\/\/pgwear.net\/de\/wp-json\/wp\/v2\/product_cat?post=62569"},{"taxonomy":"product_tag","embeddable":true,"href":"https:\/\/pgwear.net\/de\/wp-json\/wp\/v2\/product_tag?post=62569"}],"curies":[{"name":"wp","href":"https:\/\/api.w.org\/{rel}","templated":true}]}}