{"id":62623,"date":"2023-02-13T13:45:34","date_gmt":"2023-02-13T12:45:34","guid":{"rendered":"https:\/\/pgwear.net\/?post_type=product&#038;p=62623"},"modified":"2026-03-23T14:27:00","modified_gmt":"2026-03-23T13:27:00","slug":"t-shirt-alea-iacta-est","status":"publish","type":"product","link":"https:\/\/pgwear.net\/de\/p\/t-shirt-alea-iacta-est\/","title":{"rendered":"T-shirt &#8220;Alea iacta est&#8221;"},"content":{"rendered":"<p><a href=\"https:\/\/pgwear.net\/de\/feature\/alea-iacta-est-de\/\">Alea Iacta Est<\/a>! Sobald du dich der Ultras-Bewegung anschlie\u00dft, gibt es kein Zur\u00fcck mehr! Endlose <a href=\"https:\/\/pgwear.net\/de\/feature\/awayday-de\/\">Ausw\u00e4rtsspiele<\/a>, schlaflose N\u00e4chte beim Tifos zeichnen, Kneipenabende mit treuen Kumpels, die Unterst\u00fctzung der geliebten Fu\u00dfballmannschaft, egal ob sie verliert oder gewinnt! All dies gibt Freude, der man nicht widerstehen kann!<\/p>\n","protected":false},"excerpt":{"rendered":"<p>Alea Iacta Est! Sobald du dich der Ultras-Bewegung anschlie\u00dft, gibt es kein Zur\u00fcck mehr! Endlose Ausw\u00e4rtsspiele, schlaflose N\u00e4chte beim Tifos zeichnen, Kneipenabende mit treuen Kumpels, die Unterst\u00fctzung der geliebten Fu\u00dfballmannschaft, egal ob sie verliert oder gewinnt!<\/p>\n","protected":false},"featured_media":62607,"template":"","meta":{"_acf_changed":false},"product_brand":[],"product_cat":[658,660],"product_tag":[],"class_list":{"0":"post-62623","1":"product","2":"type-product","3":"status-publish","4":"has-post-thumbnail","6":"product_cat-neuheiten","7":"product_cat-t-shirts-de","8":"pa_gramatura-180-gr-m2-de","9":"pa_kolor-schwarz","10":"pa_kroj-klassisch","11":"pa_material-100-baumwolle-de-2","12":"pa_nadruk-grosser-brustaufdruck","13":"pa_rozmiar-l-de","14":"pa_rozmiar-m-de-2","15":"pa_rozmiar-s-de","16":"pa_rozmiar-xl-de","17":"pa_rozmiar-xxl-de","18":"pa_rozmiar-xxxl-de","19":"feature-alea-iacta-est-de","21":"first","22":"instock","23":"taxable","24":"shipping-taxable","25":"purchasable","26":"product-type-variable"},"acf":[],"_links":{"self":[{"href":"https:\/\/pgwear.net\/de\/wp-json\/wp\/v2\/product\/62623","targetHints":{"allow":["GET"]}}],"collection":[{"href":"https:\/\/pgwear.net\/de\/wp-json\/wp\/v2\/product"}],"about":[{"href":"https:\/\/pgwear.net\/de\/wp-json\/wp\/v2\/types\/product"}],"wp:featuredmedia":[{"embeddable":true,"href":"https:\/\/pgwear.net\/de\/wp-json\/wp\/v2\/media\/62607"}],"wp:attachment":[{"href":"https:\/\/pgwear.net\/de\/wp-json\/wp\/v2\/media?parent=62623"}],"wp:term":[{"taxonomy":"product_brand","embeddable":true,"href":"https:\/\/pgwear.net\/de\/wp-json\/wp\/v2\/product_brand?post=62623"},{"taxonomy":"product_cat","embeddable":true,"href":"https:\/\/pgwear.net\/de\/wp-json\/wp\/v2\/product_cat?post=62623"},{"taxonomy":"product_tag","embeddable":true,"href":"https:\/\/pgwear.net\/de\/wp-json\/wp\/v2\/product_tag?post=62623"}],"curies":[{"name":"wp","href":"https:\/\/api.w.org\/{rel}","templated":true}]}}