{"id":62653,"date":"2023-02-13T13:45:33","date_gmt":"2023-02-13T12:45:33","guid":{"rendered":"https:\/\/pgwear.net\/?post_type=product&#038;p=62653"},"modified":"2026-03-20T14:02:29","modified_gmt":"2026-03-20T13:02:29","slug":"t-shirt-against-sober-football","status":"publish","type":"product","link":"https:\/\/pgwear.net\/de\/p\/t-shirt-against-sober-football\/","title":{"rendered":"T-shirt &#8220;Against Sober Football&#8221;"},"content":{"rendered":"<p><a href=\"https:\/\/pgwear.net\/de\/feature\/thema-bier\/\">Bier<\/a> ist nicht nur ein Getr\u00e4nk in der Fu\u00dfballkultur! Es ist verbunden mit abenteuerlichen <a href=\"https:\/\/pgwear.net\/de\/feature\/awayday-de\/\">Ausw\u00e4rtstagen<\/a>, Freude auf der Trib\u00fcne nach dem Tor, endlosen Stunden mit treuen Kumpels in der \u00f6rtlichen Kneipe \u2026 Das T-Shirt AGAINST SOBER FOOTBALL von PGWEAR ULTRAS SHOP ist mit \u200b\u200bBiergl\u00e4ser verziert und repr\u00e4sentiert den Sinn und die Wichtigkeit, Teil des Fandoms zu sein &#8211; Wenn du hier bist, wirst du nie alleine trinken! \ud83d\ude09<\/p>\n","protected":false},"excerpt":{"rendered":"<p>Bier ist nicht nur ein Getr\u00e4nk in der Fu\u00dfballkultur! Es ist verbunden mit abenteuerlichen Ausw\u00e4rtstagen, Freude auf der Trib\u00fcne nach dem Tor, endlosen Stunden mit treuen Kumpels in der \u00f6rtlichen Kneipe \u2026<\/p>\n","protected":false},"featured_media":62633,"template":"","meta":{"_acf_changed":false},"product_brand":[],"product_cat":[658,660],"product_tag":[],"class_list":{"0":"post-62653","1":"product","2":"type-product","3":"status-publish","4":"has-post-thumbnail","6":"product_cat-neuheiten","7":"product_cat-t-shirts-de","8":"pa_gramatura-180-gr-m2-de","9":"pa_kolor-grau","10":"pa_kroj-klassisch","11":"pa_material-100-baumwolle-de-2","12":"pa_nadruk-grosser-brustaufdruck","13":"pa_rozmiar-l-de","14":"pa_rozmiar-m-de-2","15":"pa_rozmiar-s-de","16":"pa_rozmiar-xl-de","17":"pa_rozmiar-xxl-de","18":"pa_rozmiar-xxxl-de","19":"feature-lorbeerkranz","20":"feature-thema-bier","22":"first","23":"instock","24":"taxable","25":"shipping-taxable","26":"purchasable","27":"product-type-variable"},"acf":[],"_links":{"self":[{"href":"https:\/\/pgwear.net\/de\/wp-json\/wp\/v2\/product\/62653","targetHints":{"allow":["GET"]}}],"collection":[{"href":"https:\/\/pgwear.net\/de\/wp-json\/wp\/v2\/product"}],"about":[{"href":"https:\/\/pgwear.net\/de\/wp-json\/wp\/v2\/types\/product"}],"wp:featuredmedia":[{"embeddable":true,"href":"https:\/\/pgwear.net\/de\/wp-json\/wp\/v2\/media\/62633"}],"wp:attachment":[{"href":"https:\/\/pgwear.net\/de\/wp-json\/wp\/v2\/media?parent=62653"}],"wp:term":[{"taxonomy":"product_brand","embeddable":true,"href":"https:\/\/pgwear.net\/de\/wp-json\/wp\/v2\/product_brand?post=62653"},{"taxonomy":"product_cat","embeddable":true,"href":"https:\/\/pgwear.net\/de\/wp-json\/wp\/v2\/product_cat?post=62653"},{"taxonomy":"product_tag","embeddable":true,"href":"https:\/\/pgwear.net\/de\/wp-json\/wp\/v2\/product_tag?post=62653"}],"curies":[{"name":"wp","href":"https:\/\/api.w.org\/{rel}","templated":true}]}}