{"id":63031,"date":"2023-02-15T10:41:46","date_gmt":"2023-02-15T09:41:46","guid":{"rendered":"https:\/\/pgwear.net\/p\/full-face-kapuzenpullover-striker-no-respect\/"},"modified":"2026-03-20T16:54:38","modified_gmt":"2026-03-20T15:54:38","slug":"full-face-kapuzenpullover-striker-no-respect","status":"publish","type":"product","link":"https:\/\/pgwear.net\/de\/p\/full-face-kapuzenpullover-striker-no-respect\/","title":{"rendered":"Full Face Kapuzenpullover &#8220;Striker&#8221; No Respect"},"content":{"rendered":"<p>Legend\u00e4rer <a href=\"https:\/\/pgwear.net\/de\/tag\/no-respect-de\/\">NO RESPECT<\/a> Zip-Hoodie mit eingen\u00e4hter Sturmhaube im Kragen und ger\u00e4umiger Tasche auf der Vorderseite. Hergestellt aus den <a href=\"https:\/\/pgwear.net\/de\/material\/100-baumwolle-de-2\/\">hochwertigsten Materialien<\/a> mit Liebe zum Detail! Egal wohin du gehst, mit diesem Produkt bleibst du sowohl auf der Stra\u00dfe als auch im Stadion vor Polizei und CCTV-Kameras anonym! Erh\u00e4ltlich in sechs Farbversionen,<\/p>\n","protected":false},"excerpt":{"rendered":"<p>Legend\u00e4rer NO RESPECT Zip-Hoodie mit eingen\u00e4hter Sturmhaube im Kragen und ger\u00e4umiger Tasche auf der Vorderseite. Hergestellt aus den hochwertigsten Materialien und mit viel Liebe zum Detail!<\/p>\n","protected":false},"featured_media":63007,"template":"","meta":{"_acf_changed":false},"product_brand":[],"product_cat":[3561,3563,658,610],"product_tag":[1976],"class_list":{"0":"post-63031","1":"product","2":"type-product","3":"status-publish","4":"has-post-thumbnail","6":"product_cat-kapuzenpullover","7":"product_cat-kapuzenpullover-mit-sturmhaube","8":"product_cat-neuheiten","9":"product_cat-sweatshirts","10":"product_tag-no-respect-de","11":"pa_gramatura-340-gr-m2-de","12":"pa_kolor-schwarz","13":"pa_kroj-klassisch","14":"pa_material-100-baumwolle-de-2","15":"pa_rozmiar-l-de","16":"pa_rozmiar-m-de-2","17":"pa_rozmiar-s-de","18":"pa_rozmiar-xl-de","19":"pa_rozmiar-xxl-de","20":"pa_rozmiar-xxxl-de","21":"feature-balaclava-motiv","22":"feature-grose-tasche","23":"feature-integrierte-sturmhaube","24":"feature-versteckte-tasche","26":"first","27":"instock","28":"taxable","29":"shipping-taxable","30":"purchasable","31":"product-type-variable"},"acf":[],"_links":{"self":[{"href":"https:\/\/pgwear.net\/de\/wp-json\/wp\/v2\/product\/63031","targetHints":{"allow":["GET"]}}],"collection":[{"href":"https:\/\/pgwear.net\/de\/wp-json\/wp\/v2\/product"}],"about":[{"href":"https:\/\/pgwear.net\/de\/wp-json\/wp\/v2\/types\/product"}],"wp:featuredmedia":[{"embeddable":true,"href":"https:\/\/pgwear.net\/de\/wp-json\/wp\/v2\/media\/63007"}],"wp:attachment":[{"href":"https:\/\/pgwear.net\/de\/wp-json\/wp\/v2\/media?parent=63031"}],"wp:term":[{"taxonomy":"product_brand","embeddable":true,"href":"https:\/\/pgwear.net\/de\/wp-json\/wp\/v2\/product_brand?post=63031"},{"taxonomy":"product_cat","embeddable":true,"href":"https:\/\/pgwear.net\/de\/wp-json\/wp\/v2\/product_cat?post=63031"},{"taxonomy":"product_tag","embeddable":true,"href":"https:\/\/pgwear.net\/de\/wp-json\/wp\/v2\/product_tag?post=63031"}],"curies":[{"name":"wp","href":"https:\/\/api.w.org\/{rel}","templated":true}]}}