{"id":63080,"date":"2023-02-15T10:41:44","date_gmt":"2023-02-15T09:41:44","guid":{"rendered":"https:\/\/pgwear.net\/?post_type=product&#038;p=63080"},"modified":"2026-03-23T08:05:21","modified_gmt":"2026-03-23T07:05:21","slug":"sweatshirt-slogan-no-respect-navy","status":"publish","type":"product","link":"https:\/\/pgwear.net\/de\/p\/sweatshirt-slogan-no-respect-navy\/","title":{"rendered":"Sweatshirt &#8220;Slogan&#8221; No Respect Navy"},"content":{"rendered":"<p>F\u00fcr k\u00e4ltere Abende mit Freunden in der Kneipe oder f\u00fcr ein l\u00e4ngeres Ausw\u00e4rtsspiel! Dieses minimalistische Bekleidungst\u00fcck passt zu jeder Art von Outfit, egal ob du zu Hause oder ausw\u00e4rts, auf Spiel oder Date, auf der Stra\u00dfe oder im Stadion bist! Schnapp dir das Sweatshirt aus der NO RESPECT-Kollektion!<\/p>\n","protected":false},"excerpt":{"rendered":"<p>F\u00fcr k\u00e4ltere Abende mit Freunden in der Kneipe oder f\u00fcr ein l\u00e4ngeres Ausw\u00e4rtsspiel!<\/p>\n","protected":false},"featured_media":63065,"template":"","meta":{"_acf_changed":false},"product_brand":[],"product_cat":[658,610,3559],"product_tag":[1976],"class_list":{"0":"post-63080","1":"product","2":"type-product","3":"status-publish","4":"has-post-thumbnail","6":"product_cat-neuheiten","7":"product_cat-sweatshirts","8":"product_cat-sweatshirts-de","9":"product_tag-no-respect-de","10":"pa_gramatura-290-gr-m2-de","11":"pa_kolor-marineblau","12":"pa_kroj-raglan-de","13":"pa_material-100-baumwolle-de-2","14":"pa_nadruk-grosser-brustaufdruck","15":"pa_rozmiar-l-de","16":"pa_rozmiar-m-de-2","17":"pa_rozmiar-s-de","18":"pa_rozmiar-xl-de","19":"pa_rozmiar-xxl-de","20":"pa_rozmiar-xxxl-de","21":"feature-balaclava-motiv","23":"first","24":"instock","25":"taxable","26":"shipping-taxable","27":"purchasable","28":"product-type-variable"},"acf":[],"_links":{"self":[{"href":"https:\/\/pgwear.net\/de\/wp-json\/wp\/v2\/product\/63080","targetHints":{"allow":["GET"]}}],"collection":[{"href":"https:\/\/pgwear.net\/de\/wp-json\/wp\/v2\/product"}],"about":[{"href":"https:\/\/pgwear.net\/de\/wp-json\/wp\/v2\/types\/product"}],"wp:featuredmedia":[{"embeddable":true,"href":"https:\/\/pgwear.net\/de\/wp-json\/wp\/v2\/media\/63065"}],"wp:attachment":[{"href":"https:\/\/pgwear.net\/de\/wp-json\/wp\/v2\/media?parent=63080"}],"wp:term":[{"taxonomy":"product_brand","embeddable":true,"href":"https:\/\/pgwear.net\/de\/wp-json\/wp\/v2\/product_brand?post=63080"},{"taxonomy":"product_cat","embeddable":true,"href":"https:\/\/pgwear.net\/de\/wp-json\/wp\/v2\/product_cat?post=63080"},{"taxonomy":"product_tag","embeddable":true,"href":"https:\/\/pgwear.net\/de\/wp-json\/wp\/v2\/product_tag?post=63080"}],"curies":[{"name":"wp","href":"https:\/\/api.w.org\/{rel}","templated":true}]}}