{"id":63205,"date":"2023-02-15T10:41:39","date_gmt":"2023-02-15T09:41:39","guid":{"rendered":"https:\/\/pgwear.net\/?post_type=product&#038;p=63205"},"modified":"2026-02-22T22:49:25","modified_gmt":"2026-02-22T21:49:25","slug":"cargo-shorts-script-no-respect-olive","status":"publish","type":"product","link":"https:\/\/pgwear.net\/de\/p\/cargo-shorts-script-no-respect-olive\/","title":{"rendered":"Cargo Shorts &#8220;Script&#8221; No Respect Olive"},"content":{"rendered":"<p>Es ist bekannt, dass die besten Hosen f\u00fcr Fu\u00dfballfans die Cargos sind! Aber was tun, wenn es drau\u00dfen warm ist und man sowieso ein paar Sachen in Stadium mitbringen m\u00f6chte? NO RESPECT hat die L\u00f6sung &#8211; die Cargoshorts SCRIPT aus der NO RESPECT-Kollektion! F\u00fclle die Taschen mit den wichtigsten Sachen und mach dich bereicht sowohl auf die Stra\u00dfe als auch aufs Stadion!<\/p>\n","protected":false},"excerpt":{"rendered":"<p>Es ist bekannt, dass die besten Hosen f\u00fcr Fu\u00dfballfans die Cargos sind!<\/p>\n","protected":false},"featured_media":63198,"template":"","meta":{"_acf_changed":false},"product_brand":[],"product_cat":[3593,658,404],"product_tag":[3279,1976],"class_list":{"0":"post-63205","1":"product","2":"type-product","3":"status-publish","4":"has-post-thumbnail","6":"product_cat-cargoshorts","7":"product_cat-neuheiten","8":"product_cat-shorts-de","9":"product_tag-letzte-chance","10":"product_tag-no-respect-de","11":"pa_gramatura-180-gr-m2-de","12":"pa_kolor-olivgruen-de","13":"pa_material-100-baumwolle-de-2","14":"pa_rozmiar-l-de","15":"pa_rozmiar-m-de-2","16":"pa_rozmiar-s-de","17":"pa_rozmiar-xl-de","18":"pa_rozmiar-xxl-de","19":"pa_rozmiar-xxxl-de","20":"feature-balaclava-motiv","21":"feature-cargohose","23":"first","24":"outofstock","25":"taxable","26":"shipping-taxable","27":"product-type-variable"},"acf":[],"_links":{"self":[{"href":"https:\/\/pgwear.net\/de\/wp-json\/wp\/v2\/product\/63205","targetHints":{"allow":["GET"]}}],"collection":[{"href":"https:\/\/pgwear.net\/de\/wp-json\/wp\/v2\/product"}],"about":[{"href":"https:\/\/pgwear.net\/de\/wp-json\/wp\/v2\/types\/product"}],"wp:featuredmedia":[{"embeddable":true,"href":"https:\/\/pgwear.net\/de\/wp-json\/wp\/v2\/media\/63198"}],"wp:attachment":[{"href":"https:\/\/pgwear.net\/de\/wp-json\/wp\/v2\/media?parent=63205"}],"wp:term":[{"taxonomy":"product_brand","embeddable":true,"href":"https:\/\/pgwear.net\/de\/wp-json\/wp\/v2\/product_brand?post=63205"},{"taxonomy":"product_cat","embeddable":true,"href":"https:\/\/pgwear.net\/de\/wp-json\/wp\/v2\/product_cat?post=63205"},{"taxonomy":"product_tag","embeddable":true,"href":"https:\/\/pgwear.net\/de\/wp-json\/wp\/v2\/product_tag?post=63205"}],"curies":[{"name":"wp","href":"https:\/\/api.w.org\/{rel}","templated":true}]}}