{"id":63313,"date":"2023-02-15T10:41:33","date_gmt":"2023-02-15T09:41:33","guid":{"rendered":"https:\/\/pgwear.net\/?post_type=product&#038;p=63313"},"modified":"2026-01-30T11:04:41","modified_gmt":"2026-01-30T10:04:41","slug":"poloshirt-prime-no-respect-white","status":"publish","type":"product","link":"https:\/\/pgwear.net\/de\/p\/poloshirt-prime-no-respect-white\/","title":{"rendered":"Poloshirt &#8220;Prime&#8221; No Respect White"},"content":{"rendered":"<p>Die Ikone der Casual-Klassiker von den 80ern bis heute \u2013 das Poloshirt! Mit dem NO RESPECT-Logo verziert wird das ein perfektes Bekleidungsst\u00fcck f\u00fcr die Garderobe jedes Fu\u00dfballfans, das auf der Stra\u00dfe, im Stadion und \u00fcberall sonst getragen werden kann! Erh\u00e4ltlich in zwei Farbversionen.<\/p>\n","protected":false},"excerpt":{"rendered":"<p>Die Ikone der Casual-Klassiker von den 80ern bis heute \u2013 das Poloshirt! Mit dem NO RESPECT-Logo verziert wird das ein<\/p>\n","protected":false},"featured_media":63302,"template":"","meta":{"_acf_changed":false},"product_brand":[],"product_cat":[658,664],"product_tag":[1976],"class_list":{"0":"post-63313","1":"product","2":"type-product","3":"status-publish","4":"has-post-thumbnail","6":"product_cat-neuheiten","7":"product_cat-poloshirts","8":"product_tag-no-respect-de","9":"pa_gramatura-220-gr-m2-de","10":"pa_kolor-weiss","11":"pa_kroj-klassisch","12":"pa_material-100-baumwolle-de-2","13":"pa_rozmiar-l-de","14":"pa_rozmiar-m-de-2","15":"pa_rozmiar-s-de","16":"pa_rozmiar-xl-de","17":"pa_rozmiar-xxl-de","18":"pa_rozmiar-xxxl-de","19":"feature-balaclava-motiv","21":"first","22":"instock","23":"taxable","24":"shipping-taxable","25":"purchasable","26":"product-type-variable"},"acf":[],"_links":{"self":[{"href":"https:\/\/pgwear.net\/de\/wp-json\/wp\/v2\/product\/63313","targetHints":{"allow":["GET"]}}],"collection":[{"href":"https:\/\/pgwear.net\/de\/wp-json\/wp\/v2\/product"}],"about":[{"href":"https:\/\/pgwear.net\/de\/wp-json\/wp\/v2\/types\/product"}],"wp:featuredmedia":[{"embeddable":true,"href":"https:\/\/pgwear.net\/de\/wp-json\/wp\/v2\/media\/63302"}],"wp:attachment":[{"href":"https:\/\/pgwear.net\/de\/wp-json\/wp\/v2\/media?parent=63313"}],"wp:term":[{"taxonomy":"product_brand","embeddable":true,"href":"https:\/\/pgwear.net\/de\/wp-json\/wp\/v2\/product_brand?post=63313"},{"taxonomy":"product_cat","embeddable":true,"href":"https:\/\/pgwear.net\/de\/wp-json\/wp\/v2\/product_cat?post=63313"},{"taxonomy":"product_tag","embeddable":true,"href":"https:\/\/pgwear.net\/de\/wp-json\/wp\/v2\/product_tag?post=63313"}],"curies":[{"name":"wp","href":"https:\/\/api.w.org\/{rel}","templated":true}]}}