{"id":63360,"date":"2023-02-15T10:41:31","date_gmt":"2023-02-15T09:41:31","guid":{"rendered":"https:\/\/pgwear.net\/?post_type=product&#038;p=63360"},"modified":"2026-02-06T14:21:17","modified_gmt":"2026-02-06T13:21:17","slug":"t-shirt-slogan-no-respect-black","status":"publish","type":"product","link":"https:\/\/pgwear.net\/de\/p\/t-shirt-slogan-no-respect-black\/","title":{"rendered":"T-shirt &#8220;Slogan&#8221; No Respect Black"},"content":{"rendered":"<p>Stelle deine eigene Basisgarderobe mit NO RESPECT her! L\u00e4ssiges, total minimalistisches T-Shirt aus Baumwolle, das auf der Vorderseite mit unserem Slogan verziert ist. Dieser Artikel ist ein perfektes St\u00fcck f\u00fcr die Garderobe jedes Fu\u00dfballfans (und nicht nur!), um ihn auf der Stra\u00dfe, im Stadion und \u00fcberall sonst zu tragen! Erh\u00e4ltlich in vier Farbversionen.<\/p>\n","protected":false},"excerpt":{"rendered":"<p>Stelle deine eigene Basisgarderobe mit NO RESPECT her! L\u00e4ssiges, total minimalistisches T-Shirt aus Baumwolle, das auf der Vorderseite mit unserem Slogan verziert ist.<\/p>\n","protected":false},"featured_media":63356,"template":"","meta":{"_acf_changed":false},"product_brand":[],"product_cat":[658,3613,660],"product_tag":[3279,1976],"class_list":{"0":"post-63360","1":"product","2":"type-product","3":"status-publish","4":"has-post-thumbnail","6":"product_cat-neuheiten","7":"product_cat-no-respect-de","8":"product_cat-t-shirts-de","9":"product_tag-letzte-chance","10":"product_tag-no-respect-de","11":"pa_gramatura-180-gr-m2-de","12":"pa_kolor-schwarz","13":"pa_kroj-klassisch","14":"pa_material-100-baumwolle-de-2","15":"pa_nadruk-brustaufdruck","16":"pa_rozmiar-l-de","17":"pa_rozmiar-m-de-2","18":"pa_rozmiar-s-de","19":"pa_rozmiar-xl-de","20":"pa_rozmiar-xxl-de","21":"pa_rozmiar-xxxl-de","22":"feature-balaclava-motiv","24":"first","25":"instock","26":"sale","27":"taxable","28":"shipping-taxable","29":"purchasable","30":"product-type-variable"},"acf":[],"_links":{"self":[{"href":"https:\/\/pgwear.net\/de\/wp-json\/wp\/v2\/product\/63360","targetHints":{"allow":["GET"]}}],"collection":[{"href":"https:\/\/pgwear.net\/de\/wp-json\/wp\/v2\/product"}],"about":[{"href":"https:\/\/pgwear.net\/de\/wp-json\/wp\/v2\/types\/product"}],"wp:featuredmedia":[{"embeddable":true,"href":"https:\/\/pgwear.net\/de\/wp-json\/wp\/v2\/media\/63356"}],"wp:attachment":[{"href":"https:\/\/pgwear.net\/de\/wp-json\/wp\/v2\/media?parent=63360"}],"wp:term":[{"taxonomy":"product_brand","embeddable":true,"href":"https:\/\/pgwear.net\/de\/wp-json\/wp\/v2\/product_brand?post=63360"},{"taxonomy":"product_cat","embeddable":true,"href":"https:\/\/pgwear.net\/de\/wp-json\/wp\/v2\/product_cat?post=63360"},{"taxonomy":"product_tag","embeddable":true,"href":"https:\/\/pgwear.net\/de\/wp-json\/wp\/v2\/product_tag?post=63360"}],"curies":[{"name":"wp","href":"https:\/\/api.w.org\/{rel}","templated":true}]}}