{"id":63492,"date":"2023-02-15T10:41:25","date_gmt":"2023-02-15T09:41:25","guid":{"rendered":"https:\/\/pgwear.net\/?post_type=product&#038;p=63492"},"modified":"2026-04-03T08:59:53","modified_gmt":"2026-04-03T06:59:53","slug":"t-shirt-lisbon-no-respect-black","status":"publish","type":"product","link":"https:\/\/pgwear.net\/de\/p\/t-shirt-lisbon-no-respect-black\/","title":{"rendered":"T-shirt &#8220;Lisbon&#8221; No Respect Black"},"content":{"rendered":"<p><a href=\"https:\/\/pgwear.net\/de\/schnitt\/klassisch\/\">Klassisch geschnittenes<\/a> <a href=\"https:\/\/pgwear.net\/de\/c\/t-shirts-de\/\">T-Shirt<\/a> aus <a href=\"https:\/\/pgwear.net\/de\/material\/100-baumwolle-de-2\/\">hochwertigstem Baumwollstoff<\/a> mit einzigartigem Aufdruck und unserem Slogan darauf. Er schildert alles, was die Herzen von Ultras, Hooligans und Fu\u00dfballfans h\u00f6her schlagen l\u00e4sst &#8211; das Spiel, der Kampf, die Feinden, die Polizei und die Ausw\u00e4rtstage! Trage NO RESPECT Produkte stolz sowohl auf der Stra\u00dfe als auch im Stadion!<\/p>\n","protected":false},"excerpt":{"rendered":"<p>Klassisch geschnittenes T-Shirt aus hochwertigstem Baumwollstoff mit einzigartigem Aufdruck und unserem Slogan darauf.<\/p>\n","protected":false},"featured_media":63449,"template":"","meta":{"_acf_changed":false},"product_brand":[],"product_cat":[658,3613,660],"product_tag":[1976],"class_list":{"0":"post-63492","1":"product","2":"type-product","3":"status-publish","4":"has-post-thumbnail","6":"product_cat-neuheiten","7":"product_cat-no-respect-de","8":"product_cat-t-shirts-de","9":"product_tag-no-respect-de","10":"pa_gramatura-180-gr-m2-de","11":"pa_kolor-schwarz","12":"pa_kroj-klassisch","13":"pa_material-100-baumwolle-de-2","14":"pa_nadruk-grosser-brustaufdruck","15":"pa_rozmiar-l-de","16":"pa_rozmiar-m-de-2","17":"pa_rozmiar-s-de","18":"pa_rozmiar-xl-de","19":"pa_rozmiar-xxl-de","20":"pa_rozmiar-xxxl-de","21":"feature-balaclava-motiv","23":"first","24":"instock","25":"taxable","26":"shipping-taxable","27":"purchasable","28":"product-type-variable"},"acf":[],"_links":{"self":[{"href":"https:\/\/pgwear.net\/de\/wp-json\/wp\/v2\/product\/63492","targetHints":{"allow":["GET"]}}],"collection":[{"href":"https:\/\/pgwear.net\/de\/wp-json\/wp\/v2\/product"}],"about":[{"href":"https:\/\/pgwear.net\/de\/wp-json\/wp\/v2\/types\/product"}],"wp:featuredmedia":[{"embeddable":true,"href":"https:\/\/pgwear.net\/de\/wp-json\/wp\/v2\/media\/63449"}],"wp:attachment":[{"href":"https:\/\/pgwear.net\/de\/wp-json\/wp\/v2\/media?parent=63492"}],"wp:term":[{"taxonomy":"product_brand","embeddable":true,"href":"https:\/\/pgwear.net\/de\/wp-json\/wp\/v2\/product_brand?post=63492"},{"taxonomy":"product_cat","embeddable":true,"href":"https:\/\/pgwear.net\/de\/wp-json\/wp\/v2\/product_cat?post=63492"},{"taxonomy":"product_tag","embeddable":true,"href":"https:\/\/pgwear.net\/de\/wp-json\/wp\/v2\/product_tag?post=63492"}],"curies":[{"name":"wp","href":"https:\/\/api.w.org\/{rel}","templated":true}]}}