{"id":63560,"date":"2023-02-15T10:41:21","date_gmt":"2023-02-15T09:41:21","guid":{"rendered":"https:\/\/pgwear.net\/?post_type=product&#038;p=63560"},"modified":"2026-03-22T18:11:47","modified_gmt":"2026-03-22T17:11:47","slug":"t-shirt-berlin-no-respect-white","status":"publish","type":"product","link":"https:\/\/pgwear.net\/de\/p\/t-shirt-berlin-no-respect-white\/","title":{"rendered":"T-shirt &#8220;Berlin&#8221; No Respect White"},"content":{"rendered":"<p>Klassisch geschnittenes <a href=\"https:\/\/pgwear.net\/de\/c\/t-shirts-de\/\">T-Shirt<\/a> <a href=\"https:\/\/pgwear.net\/de\/material\/100-baumwolle-de-2\/\">aus hochwertiger Baumwolle<\/a> mit einzigartigem Aufdruck. Er schildert alles, was die Herzen von Ultras, Hooligans und Fu\u00dfballfans h\u00f6her schlagen l\u00e4sst \u2013 das Fu\u00dfballspiel, die Feinden, die Sch\u00e4gerei, die Polizei und die <a href=\"https:\/\/pgwear.net\/de\/feature\/awayday-de\/\">Ausw\u00e4rtsspiele<\/a>! Trage <a href=\"https:\/\/pgwear.net\/de\/tag\/no-respect-de\/\">NO RESPECT<\/a>-Produkte stolz sowohl auf der Stra\u00dfe als auch im Stadion!<\/p>\n","protected":false},"excerpt":{"rendered":"<p>Klassisch geschnittenes T-Shirt aus hochwertiger Baumwolle mit einzigartigem Aufdruck.<\/p>\n","protected":false},"featured_media":63569,"template":"","meta":{"_acf_changed":false},"product_brand":[],"product_cat":[658,3613,660],"product_tag":[1976],"class_list":{"0":"post-63560","1":"product","2":"type-product","3":"status-publish","4":"has-post-thumbnail","6":"product_cat-neuheiten","7":"product_cat-no-respect-de","8":"product_cat-t-shirts-de","9":"product_tag-no-respect-de","10":"pa_gramatura-180-gr-m2-de","11":"pa_kolor-weiss","12":"pa_kroj-klassisch","13":"pa_material-100-baumwolle-de-2","14":"pa_nadruk-grosser-brustaufdruck","15":"pa_rozmiar-l-de","16":"pa_rozmiar-m-de-2","17":"pa_rozmiar-s-de","18":"pa_rozmiar-xl-de","19":"pa_rozmiar-xxl-de","20":"pa_rozmiar-xxxl-de","21":"feature-balaclava-motiv","23":"first","24":"instock","25":"taxable","26":"shipping-taxable","27":"purchasable","28":"product-type-variable"},"acf":[],"_links":{"self":[{"href":"https:\/\/pgwear.net\/de\/wp-json\/wp\/v2\/product\/63560","targetHints":{"allow":["GET"]}}],"collection":[{"href":"https:\/\/pgwear.net\/de\/wp-json\/wp\/v2\/product"}],"about":[{"href":"https:\/\/pgwear.net\/de\/wp-json\/wp\/v2\/types\/product"}],"wp:featuredmedia":[{"embeddable":true,"href":"https:\/\/pgwear.net\/de\/wp-json\/wp\/v2\/media\/63569"}],"wp:attachment":[{"href":"https:\/\/pgwear.net\/de\/wp-json\/wp\/v2\/media?parent=63560"}],"wp:term":[{"taxonomy":"product_brand","embeddable":true,"href":"https:\/\/pgwear.net\/de\/wp-json\/wp\/v2\/product_brand?post=63560"},{"taxonomy":"product_cat","embeddable":true,"href":"https:\/\/pgwear.net\/de\/wp-json\/wp\/v2\/product_cat?post=63560"},{"taxonomy":"product_tag","embeddable":true,"href":"https:\/\/pgwear.net\/de\/wp-json\/wp\/v2\/product_tag?post=63560"}],"curies":[{"name":"wp","href":"https:\/\/api.w.org\/{rel}","templated":true}]}}